{"id":922,"date":"2025-01-30T10:27:30","date_gmt":"2025-01-30T09:27:30","guid":{"rendered":"https:\/\/www.sophie-paints-your-event.com\/tableaux-commandes\/"},"modified":"2025-11-06T11:54:22","modified_gmt":"2025-11-06T10:54:22","slug":"tableaux-commandes","status":"publish","type":"page","link":"https:\/\/www.sophie-paints-your-event.com\/fr\/tableaux-commandes\/","title":{"rendered":"Commandes de tableaux personnalis\u00e9s"},"content":{"rendered":"\t\t<div data-elementor-type=\"wp-page\" data-elementor-id=\"922\" class=\"elementor elementor-922 elementor-76\" data-elementor-post-type=\"page\">\n\t\t\t\t<div class=\"elementor-element elementor-element-7b3ba6c e-flex e-con-boxed e-con e-parent\" data-id=\"7b3ba6c\" data-element_type=\"container\">\n\t\t\t\t\t<div class=\"e-con-inner\">\n\t\t<div class=\"elementor-element elementor-element-e5824e2 e-con-full e-flex e-con e-child\" data-id=\"e5824e2\" data-element_type=\"container\">\n\t\t\t\t<div class=\"elementor-element elementor-element-879255e elementor-widget elementor-widget-heading\" data-id=\"879255e\" data-element_type=\"widget\" data-widget_type=\"heading.default\">\n\t\t\t\t<div class=\"elementor-widget-container\">\n\t\t\t\t\t<h2 class=\"elementor-heading-title elementor-size-default\">En plus de mon activit\u00e9 de peintre de mariage en direct, je r\u00e9alise \u00e9galement des commandes de tableaux personnalis\u00e9s. En \u00e9troite collaboration avec mes clients, je transforme leurs id\u00e9es, leurs souvenirs et leurs \u00e9motions en \u0153uvres d\u2019art uniques et profond\u00e9ment personnelles.<\/h2>\t\t\t\t<\/div>\n\t\t\t\t<\/div>\n\t\t<div class=\"elementor-element elementor-element-310f481 e-con-full e-flex e-con e-child\" data-id=\"310f481\" data-element_type=\"container\">\n\t\t\t\t<div class=\"elementor-element elementor-element-e7663c0 elementor-widget__width-initial elementor-widget elementor-widget-image\" data-id=\"e7663c0\" data-element_type=\"widget\" data-widget_type=\"image.default\">\n\t\t\t\t<div class=\"elementor-widget-container\">\n\t\t\t\t\t\t\t\t\t\t\t\t\t\t\t<img decoding=\"async\" src=\"https:\/\/www.sophie-paints-your-event.com\/wp-content\/uploads\/elementor\/thumbs\/WhatsApp-Image-2025-02-27-at-14.51.45-r24jw54t2jntqhwfaaxea0y09bmu9mwov2d4lnkp4w.jpeg\" title=\"WhatsApp Image 2025-02-27 at 14.51.45\" alt=\"Exemple de tableaux personnalis\u00e9s\" loading=\"lazy\" \/>\t\t\t\t\t\t\t\t\t\t\t\t\t\t\t<\/div>\n\t\t\t\t<\/div>\n\t\t\t\t<div class=\"elementor-element elementor-element-a566882 elementor-widget__width-initial elementor-widget elementor-widget-text-editor\" data-id=\"a566882\" data-element_type=\"widget\" data-widget_type=\"text-editor.default\">\n\t\t\t\t<div class=\"elementor-widget-container\">\n\t\t\t\t\t\t\t\t\t<p>Mon style de tableaux personnalis\u00e9s, m\u00ealant r\u00e9alisme et impressionnisme, s\u2019inspire des grands ma\u00eetres fran\u00e7ais : un regard sensible sur la lumi\u00e8re et la couleur, une touche vibrante, toujours au service de l\u2019histoire que vous souhaitez raconter.<\/p><p>Bas\u00e9e au c\u0153ur de la Provence, j\u2019utilise exclusivement des techniques nobles \u2014 la peinture \u00e0 l\u2019huile et le pastel \u2014 pour cr\u00e9er des pi\u00e8ces intemporelles et raffin\u00e9es.<\/p><p>Que vous souhaitiez c\u00e9l\u00e9brer votre mariage, un anniversaire important, un lieu qui vous est cher ou simplement offrir un cadeau d\u2019exception, tous mes tableaux personnalis\u00e9s sont con\u00e7u avec soin pour traverser les g\u00e9n\u00e9rations.<\/p><p>Mes peintures constituent \u00e9galement des cadeaux attentionn\u00e9s, command\u00e9s par les parents, les amis ou la famille pour c\u00e9l\u00e9brer le voyage du couple d&rsquo;une mani\u00e8re vraiment unique.<\/p>\t\t\t\t\t\t\t\t<\/div>\n\t\t\t\t<\/div>\n\t\t\t\t<\/div>\n\t\t\t\t<div class=\"elementor-element elementor-element-10eaa8e elementor-widget elementor-widget-heading\" data-id=\"10eaa8e\" data-element_type=\"widget\" data-widget_type=\"heading.default\">\n\t\t\t\t<div class=\"elementor-widget-container\">\n\t\t\t\t\t<h2 class=\"elementor-heading-title elementor-size-default\">Voici quelques exemples de tableaux personnalis\u00e9s que je peux r\u00e9aliser pour vous<\/h2>\t\t\t\t<\/div>\n\t\t\t\t<\/div>\n\t\t<div class=\"elementor-element elementor-element-61c6163 e-con-full e-grid e-con e-child\" data-id=\"61c6163\" data-element_type=\"container\">\n\t\t<div class=\"elementor-element elementor-element-e13d37d e-con-full e-flex e-con e-child\" data-id=\"e13d37d\" data-element_type=\"container\">\n\t\t<div class=\"elementor-element elementor-element-95479d6 e-con-full e-flex e-con e-child\" data-id=\"95479d6\" data-element_type=\"container\">\n\t\t\t\t<div class=\"elementor-element elementor-element-58d5b88 elementor-widget elementor-widget-heading\" data-id=\"58d5b88\" data-element_type=\"widget\" data-widget_type=\"heading.default\">\n\t\t\t\t<div class=\"elementor-widget-container\">\n\t\t\t\t\t<h2 class=\"elementor-heading-title elementor-size-default\">Avant le mariage<\/h2>\t\t\t\t<\/div>\n\t\t\t\t<\/div>\n\t\t\t\t<div class=\"elementor-element elementor-element-2f8dc40 elementor-widget elementor-widget-text-editor\" data-id=\"2f8dc40\" data-element_type=\"widget\" data-widget_type=\"text-editor.default\">\n\t\t\t\t<div class=\"elementor-widget-container\">\n\t\t\t\t\t\t\t\t\t<p>Pr\u00e9parez votre c\u00e9l\u00e9bration avec une touche artistique unique.<\/p>\t\t\t\t\t\t\t\t<\/div>\n\t\t\t\t<\/div>\n\t\t\t\t<\/div>\n\t\t\t\t<div class=\"elementor-element elementor-element-44f2939 elementor-widget elementor-widget-text-editor\" data-id=\"44f2939\" data-element_type=\"widget\" data-widget_type=\"text-editor.default\">\n\t\t\t\t<div class=\"elementor-widget-container\">\n\t\t\t\t\t\t\t\t\t<ul><li><strong>Portraits de fian\u00e7ailles ou de demande en mariage :<\/strong><br>Une peinture \u00e0 l\u2019huile ou au pastel qui capture l\u2019\u00e9motion du jour o\u00f9 vous avez dit \u00ab oui \u00bb. <\/li><li><strong>Illustrations personnalis\u00e9es pour Save the Date ou invitations : <\/strong>Une cr\u00e9ation sur mesure inspir\u00e9e de votre histoire, parfaite pour \u00eatre imprim\u00e9e sur votre papeterie de mariage. <\/li><\/ul>\t\t\t\t\t\t\t\t<\/div>\n\t\t\t\t<\/div>\n\t\t\t\t<\/div>\n\t\t<div class=\"elementor-element elementor-element-76b9d30 e-con-full e-flex e-con e-child\" data-id=\"76b9d30\" data-element_type=\"container\">\n\t\t<div class=\"elementor-element elementor-element-c3995bf e-con-full e-flex e-con e-child\" data-id=\"c3995bf\" data-element_type=\"container\">\n\t\t\t\t<div class=\"elementor-element elementor-element-c15b0e1 elementor-widget elementor-widget-heading\" data-id=\"c15b0e1\" data-element_type=\"widget\" data-widget_type=\"heading.default\">\n\t\t\t\t<div class=\"elementor-widget-container\">\n\t\t\t\t\t<h2 class=\"elementor-heading-title elementor-size-default\">Commissions sp\u00e9ciales<\/h2>\t\t\t\t<\/div>\n\t\t\t\t<\/div>\n\t\t\t\t<div class=\"elementor-element elementor-element-0192ea7 elementor-widget elementor-widget-text-editor\" data-id=\"0192ea7\" data-element_type=\"widget\" data-widget_type=\"text-editor.default\">\n\t\t\t\t<div class=\"elementor-widget-container\">\n\t\t\t\t\t\t\t\t\t<p>Des \u0153uvres d\u2019art pour c\u00e9l\u00e9brer les lieux et les liens qui comptent.<\/p>\t\t\t\t\t\t\t\t<\/div>\n\t\t\t\t<\/div>\n\t\t\t\t<\/div>\n\t\t\t\t<div class=\"elementor-element elementor-element-35547b7 elementor-widget elementor-widget-text-editor\" data-id=\"35547b7\" data-element_type=\"widget\" data-widget_type=\"text-editor.default\">\n\t\t\t\t<div class=\"elementor-widget-container\">\n\t\t\t\t\t\t\t\t\t<ul><li><strong>Peintures de lieux symboliques :<\/strong> L\u2019endroit o\u00f9 vous vous \u00eates rencontr\u00e9s, votre voyage de noces, votre maison de famille\u2026 <\/li><li><strong>Portraits d\u2019h\u00e9ritage familial :<\/strong> Des compositions multig\u00e9n\u00e9rationnelles qui racontent votre lign\u00e9e avec \u00e9l\u00e9gance. <\/li><li><strong>Portraits d&rsquo;animaux de compagnie :<\/strong> Un hommage artistique aux membres \u00e0 quatre pattes de votre famille.<\/li><\/ul>\t\t\t\t\t\t\t\t<\/div>\n\t\t\t\t<\/div>\n\t\t\t\t<\/div>\n\t\t<div class=\"elementor-element elementor-element-d30e592 e-con-full e-flex e-con e-child\" data-id=\"d30e592\" data-element_type=\"container\">\n\t\t<div class=\"elementor-element elementor-element-9377bae e-con-full e-flex e-con e-child\" data-id=\"9377bae\" data-element_type=\"container\">\n\t\t\t\t<div class=\"elementor-element elementor-element-4fa11f6 elementor-widget elementor-widget-heading\" data-id=\"4fa11f6\" data-element_type=\"widget\" data-widget_type=\"heading.default\">\n\t\t\t\t<div class=\"elementor-widget-container\">\n\t\t\t\t\t<h2 class=\"elementor-heading-title elementor-size-default\">Apr\u00e8s le mariage<\/h2>\t\t\t\t<\/div>\n\t\t\t\t<\/div>\n\t\t\t\t<div class=\"elementor-element elementor-element-e77a7fd elementor-widget elementor-widget-text-editor\" data-id=\"e77a7fd\" data-element_type=\"widget\" data-widget_type=\"text-editor.default\">\n\t\t\t\t<div class=\"elementor-widget-container\">\n\t\t\t\t\t\t\t\t\t<p>Pr\u00e9servez la magie de votre jour unique.<\/p>\t\t\t\t\t\t\t\t<\/div>\n\t\t\t\t<\/div>\n\t\t\t\t<\/div>\n\t\t\t\t<div class=\"elementor-element elementor-element-419160e elementor-widget elementor-widget-text-editor\" data-id=\"419160e\" data-element_type=\"widget\" data-widget_type=\"text-editor.default\">\n\t\t\t\t<div class=\"elementor-widget-container\">\n\t\t\t\t\t\t\t\t\t<ul><li><strong>Portraits de couple en tenue de mariage :<\/strong> Une repr\u00e9sentation intemporelle de votre amour et de vos personnalit\u00e9s. <\/li><li><strong>Peintures de votre lieu de r\u00e9ception :<\/strong> Vignoble proven\u00e7al, ch\u00e2teau historique, jardin romantique\u2026 une toile qui immortalise l\u2019atmosph\u00e8re du lieu. <\/li><li><strong>Montage de souvenirs :<\/strong> Une composition artistique incluant bouquet, alliances et moments cl\u00e9s \u2014 la po\u00e9sie de votre journ\u00e9e r\u00e9unie sur une m\u00eame toile. <\/li><\/ul>\t\t\t\t\t\t\t\t<\/div>\n\t\t\t\t<\/div>\n\t\t\t\t<\/div>\n\t\t<div class=\"elementor-element elementor-element-70b5021 e-con-full e-flex e-con e-child\" data-id=\"70b5021\" data-element_type=\"container\">\n\t\t<div class=\"elementor-element elementor-element-120c8ee e-con-full e-flex e-con e-child\" data-id=\"120c8ee\" data-element_type=\"container\">\n\t\t\t\t<div class=\"elementor-element elementor-element-b4c0e48 elementor-widget elementor-widget-heading\" data-id=\"b4c0e48\" data-element_type=\"widget\" data-widget_type=\"heading.default\">\n\t\t\t\t<div class=\"elementor-widget-container\">\n\t\t\t\t\t<h2 class=\"elementor-heading-title elementor-size-default\">Anniversaires et jalons de vie<\/h2>\t\t\t\t<\/div>\n\t\t\t\t<\/div>\n\t\t\t\t<div class=\"elementor-element elementor-element-172e46c elementor-widget elementor-widget-text-editor\" data-id=\"172e46c\" data-element_type=\"widget\" data-widget_type=\"text-editor.default\">\n\t\t\t\t<div class=\"elementor-widget-container\">\n\t\t\t\t\t\t\t\t\t<p>Les beaux-arts, une fa\u00e7on inoubliable de c\u00e9l\u00e9brer votre histoire.<\/p>\t\t\t\t\t\t\t\t<\/div>\n\t\t\t\t<\/div>\n\t\t\t\t<\/div>\n\t\t\t\t<div class=\"elementor-element elementor-element-23e8b98 elementor-widget elementor-widget-text-editor\" data-id=\"23e8b98\" data-element_type=\"widget\" data-widget_type=\"text-editor.default\">\n\t\t\t\t<div class=\"elementor-widget-container\">\n\t\t\t\t\t\t\t\t\t<ul><li><strong>Cadeau de premier anniversaire :<\/strong> Immortaliser vos premiers instants de vie mari\u00e9e dans une \u0153uvre sensible et po\u00e9tique. Cela devient un souvenir po\u00e9tique, capturant \u00e0 jamais l\u2019essence de votre voyage ensemble.<\/li><li><strong>S\u00e9ries anniversaires :<\/strong> Une suite de tableaux pour marquer les grandes \u00e9tapes de votre relation : un r\u00e9cit visuel de votre amour.<\/li><\/ul>\t\t\t\t\t\t\t\t<\/div>\n\t\t\t\t<\/div>\n\t\t\t\t<\/div>\n\t\t\t\t<\/div>\n\t\t<div class=\"elementor-element elementor-element-81e3b10 e-con-full e-flex e-con e-child\" data-id=\"81e3b10\" data-element_type=\"container\">\n\t\t<div class=\"elementor-element elementor-element-926b3a0 e-con-full e-flex e-con e-child\" data-id=\"926b3a0\" data-element_type=\"container\">\n\t\t\t\t<div class=\"elementor-element elementor-element-90be36a elementor-widget elementor-widget-heading\" data-id=\"90be36a\" data-element_type=\"widget\" data-widget_type=\"heading.default\">\n\t\t\t\t<div class=\"elementor-widget-container\">\n\t\t\t\t\t<h2 class=\"elementor-heading-title elementor-size-default\">Pour votre maison et vos proches<\/h2>\t\t\t\t<\/div>\n\t\t\t\t<\/div>\n\t\t\t\t<div class=\"elementor-element elementor-element-f8d7f9a elementor-widget elementor-widget-text-editor\" data-id=\"f8d7f9a\" data-element_type=\"widget\" data-widget_type=\"text-editor.default\">\n\t\t\t\t<div class=\"elementor-widget-container\">\n\t\t\t\t\t\t\t\t\t<p>Un art personnalis\u00e9 \u00e0 offrir ou \u00e0 s\u2019offrir.<\/p>\t\t\t\t\t\t\t\t<\/div>\n\t\t\t\t<\/div>\n\t\t\t\t<\/div>\n\t\t\t\t<div class=\"elementor-element elementor-element-242add1 elementor-widget elementor-widget-text-editor\" data-id=\"242add1\" data-element_type=\"widget\" data-widget_type=\"text-editor.default\">\n\t\t\t\t<div class=\"elementor-widget-container\">\n\t\t\t\t\t\t\t\t\t<ul><li><strong>Pi\u00e8ces ma\u00eetresses grand format :<\/strong> Une toile spectaculaire qui sublime votre int\u00e9rieur avec \u00e9l\u00e9gance. <\/li><li><strong>Miniatures encadr\u00e9es : <\/strong>De d\u00e9licats souvenirs \u00e0 offrir \u00e0 vos proches ou \u00e0 collectionner.<\/li><\/ul>\t\t\t\t\t\t\t\t<\/div>\n\t\t\t\t<\/div>\n\t\t\t\t<\/div>\n\t\t\t\t<\/div>\n\t\t\t\t\t<\/div>\n\t\t\t\t<\/div>\n\t\t<div class=\"elementor-element elementor-element-86d23f1 e-flex e-con-boxed e-con e-parent\" data-id=\"86d23f1\" data-element_type=\"container\" data-settings=\"{&quot;background_background&quot;:&quot;classic&quot;}\">\n\t\t\t\t\t<div class=\"e-con-inner\">\n\t\t<div class=\"elementor-element elementor-element-575d5c5 e-con-full e-flex e-con e-child\" data-id=\"575d5c5\" data-element_type=\"container\">\n\t\t\t\t<div class=\"elementor-element elementor-element-3bebf91 elementor-widget-divider--view-line_icon elementor-view-default elementor-widget-divider--element-align-center elementor-widget elementor-widget-divider\" data-id=\"3bebf91\" data-element_type=\"widget\" data-widget_type=\"divider.default\">\n\t\t\t\t<div class=\"elementor-widget-container\">\n\t\t\t\t\t\t\t<div class=\"elementor-divider\">\n\t\t\t<span class=\"elementor-divider-separator\">\n\t\t\t\t\t\t\t<div class=\"elementor-icon elementor-divider__element\">\n\t\t\t\t\t<svg aria-hidden=\"true\" class=\"e-font-icon-svg e-fas-paint-brush\" viewBox=\"0 0 512 512\" xmlns=\"http:\/\/www.w3.org\/2000\/svg\"><path d=\"M167.02 309.34c-40.12 2.58-76.53 17.86-97.19 72.3-2.35 6.21-8 9.98-14.59 9.98-11.11 0-45.46-27.67-55.25-34.35C0 439.62 37.93 512 128 512c75.86 0 128-43.77 128-120.19 0-3.11-.65-6.08-.97-9.13l-88.01-73.34zM457.89 0c-15.16 0-29.37 6.71-40.21 16.45C213.27 199.05 192 203.34 192 257.09c0 13.7 3.25 26.76 8.73 38.7l63.82 53.18c7.21 1.8 14.64 3.03 22.39 3.03 62.11 0 98.11-45.47 211.16-256.46 7.38-14.35 13.9-29.85 13.9-45.99C512 20.64 486 0 457.89 0z\"><\/path><\/svg><\/div>\n\t\t\t\t\t\t<\/span>\n\t\t<\/div>\n\t\t\t\t\t\t<\/div>\n\t\t\t\t<\/div>\n\t\t\t\t<div class=\"elementor-element elementor-element-ca32786 elementor-widget__width-initial elementor-widget elementor-widget-text-editor\" data-id=\"ca32786\" data-element_type=\"widget\" data-widget_type=\"text-editor.default\">\n\t\t\t\t<div class=\"elementor-widget-container\">\n\t\t\t\t\t\t\t\t\t<p>Tous les tableaux personnalis\u00e9s que je cr\u00e9e sont une c\u00e9l\u00e9bration de l&rsquo;amour, de la vie et de la connexion, r\u00e9alis\u00e9e avec une attention m\u00e9ticuleuse aux d\u00e9tails. Inspir\u00e9 par les techniques intemporelles des ma\u00eetres fran\u00e7ais, j&rsquo;insuffle \u00e0 chaque pi\u00e8ce l&rsquo;\u00e9l\u00e9gance, la chaleur et l&rsquo;authenticit\u00e9 de la Provence.<\/p><p>Que vous commandiez un de mes tableaux personnalis\u00e9s pour vous-m\u00eame ou comme cadeau significatif, je serais ravi de discuter des d\u00e9tails de votre vision. Veuillez utiliser le champ contact pour m&rsquo;\u00e9crire, et je serai heureux de travailler avec vous pour cr\u00e9er quelque chose de vraiment sp\u00e9cial. Transformons vos id\u00e9es en un chef-d&rsquo;\u0153uvre !<\/p>\t\t\t\t\t\t\t\t<\/div>\n\t\t\t\t<\/div>\n\t\t\t\t<div class=\"elementor-element elementor-element-b3b52d5 elementor-widget-divider--view-line_icon elementor-view-default elementor-widget-divider--element-align-center elementor-widget elementor-widget-divider\" data-id=\"b3b52d5\" data-element_type=\"widget\" data-widget_type=\"divider.default\">\n\t\t\t\t<div class=\"elementor-widget-container\">\n\t\t\t\t\t\t\t<div class=\"elementor-divider\">\n\t\t\t<span class=\"elementor-divider-separator\">\n\t\t\t\t\t\t\t<div class=\"elementor-icon elementor-divider__element\">\n\t\t\t\t\t<svg aria-hidden=\"true\" class=\"e-font-icon-svg e-fas-paint-brush\" viewBox=\"0 0 512 512\" xmlns=\"http:\/\/www.w3.org\/2000\/svg\"><path d=\"M167.02 309.34c-40.12 2.58-76.53 17.86-97.19 72.3-2.35 6.21-8 9.98-14.59 9.98-11.11 0-45.46-27.67-55.25-34.35C0 439.62 37.93 512 128 512c75.86 0 128-43.77 128-120.19 0-3.11-.65-6.08-.97-9.13l-88.01-73.34zM457.89 0c-15.16 0-29.37 6.71-40.21 16.45C213.27 199.05 192 203.34 192 257.09c0 13.7 3.25 26.76 8.73 38.7l63.82 53.18c7.21 1.8 14.64 3.03 22.39 3.03 62.11 0 98.11-45.47 211.16-256.46 7.38-14.35 13.9-29.85 13.9-45.99C512 20.64 486 0 457.89 0z\"><\/path><\/svg><\/div>\n\t\t\t\t\t\t<\/span>\n\t\t<\/div>\n\t\t\t\t\t\t<\/div>\n\t\t\t\t<\/div>\n\t\t\t\t<\/div>\n\t\t\t\t<div class=\"elementor-element elementor-element-5536838 elementor-widget elementor-widget-image\" data-id=\"5536838\" data-element_type=\"widget\" data-widget_type=\"image.default\">\n\t\t\t\t<div class=\"elementor-widget-container\">\n\t\t\t\t\t\t\t\t\t\t\t\t\t\t\t<img decoding=\"async\" src=\"https:\/\/www.sophie-paints-your-event.com\/wp-content\/uploads\/elementor\/thumbs\/IMG_20250107_142423-scaled-r10olx6hqjg0vhgl98nla62ezt5hkka83mn0w4ki9c.jpeg\" title=\"IMG_20250107_142423\" alt=\"D\u00e9tail d&#039;un des tableaux personnalis\u00e9s\" loading=\"lazy\" \/>\t\t\t\t\t\t\t\t\t\t\t\t\t\t\t<\/div>\n\t\t\t\t<\/div>\n\t\t\t\t\t<\/div>\n\t\t\t\t<\/div>\n\t\t<div class=\"elementor-element elementor-element-e049b08 e-flex e-con-boxed e-con e-parent\" data-id=\"e049b08\" data-element_type=\"container\">\n\t\t\t\t\t<div class=\"e-con-inner\">\n\t\t<div class=\"elementor-element elementor-element-0a5c4a6 e-con-full e-flex e-con e-child\" data-id=\"0a5c4a6\" data-element_type=\"container\">\n\t\t\t\t<div class=\"elementor-element elementor-element-183931d elementor-widget elementor-widget-heading\" data-id=\"183931d\" data-element_type=\"widget\" data-widget_type=\"heading.default\">\n\t\t\t\t<div class=\"elementor-widget-container\">\n\t\t\t\t\t<h2 class=\"elementor-heading-title elementor-size-default\">Et si vous passiez commande d'un de mes tableaux personnalis\u00e9s\u202f?<\/h2>\t\t\t\t<\/div>\n\t\t\t\t<\/div>\n\t\t\t\t<\/div>\n\t\t<div class=\"elementor-element elementor-element-e703e5d e-con-full e-flex e-con e-child\" data-id=\"e703e5d\" data-element_type=\"container\">\n\t\t\t\t<div class=\"elementor-element elementor-element-171b574 elementor-widget elementor-widget-button\" data-id=\"171b574\" data-element_type=\"widget\" data-widget_type=\"button.default\">\n\t\t\t\t<div class=\"elementor-widget-container\">\n\t\t\t\t\t\t\t\t\t<div class=\"elementor-button-wrapper\">\n\t\t\t\t\t<a class=\"elementor-button elementor-button-link elementor-size-sm\" href=\"\/fr\/contact\/\">\n\t\t\t\t\t\t<span class=\"elementor-button-content-wrapper\">\n\t\t\t\t\t\t\t\t\t<span class=\"elementor-button-text\">D\u00e9couvrir mes tarifs<\/span>\n\t\t\t\t\t<\/span>\n\t\t\t\t\t<\/a>\n\t\t\t\t<\/div>\n\t\t\t\t\t\t\t\t<\/div>\n\t\t\t\t<\/div>\n\t\t\t\t<\/div>\n\t\t\t\t\t<\/div>\n\t\t\t\t<\/div>\n\t\t\t\t<\/div>\n\t\t","protected":false},"excerpt":{"rendered":"<p>En plus de mon activit\u00e9 de peintre de mariage en direct, je r\u00e9alise \u00e9galement des commandes de tableaux personnalis\u00e9s. En \u00e9troite collaboration avec mes clients, je transforme leurs id\u00e9es, leurs souvenirs et leurs \u00e9motions en \u0153uvres d\u2019art uniques et profond\u00e9ment personnelles. Mon style de tableaux personnalis\u00e9s, m\u00ealant r\u00e9alisme et impressionnisme, s\u2019inspire des grands ma\u00eetres fran\u00e7ais [&hellip;]<\/p>\n","protected":false},"author":2,"featured_media":0,"parent":0,"menu_order":0,"comment_status":"closed","ping_status":"closed","template":"","meta":{"footnotes":""},"class_list":["post-922","page","type-page","status-publish","hentry"],"aioseo_notices":[],"_links":{"self":[{"href":"https:\/\/www.sophie-paints-your-event.com\/fr\/wp-json\/wp\/v2\/pages\/922","targetHints":{"allow":["GET"]}}],"collection":[{"href":"https:\/\/www.sophie-paints-your-event.com\/fr\/wp-json\/wp\/v2\/pages"}],"about":[{"href":"https:\/\/www.sophie-paints-your-event.com\/fr\/wp-json\/wp\/v2\/types\/page"}],"author":[{"embeddable":true,"href":"https:\/\/www.sophie-paints-your-event.com\/fr\/wp-json\/wp\/v2\/users\/2"}],"replies":[{"embeddable":true,"href":"https:\/\/www.sophie-paints-your-event.com\/fr\/wp-json\/wp\/v2\/comments?post=922"}],"version-history":[{"count":38,"href":"https:\/\/www.sophie-paints-your-event.com\/fr\/wp-json\/wp\/v2\/pages\/922\/revisions"}],"predecessor-version":[{"id":1256,"href":"https:\/\/www.sophie-paints-your-event.com\/fr\/wp-json\/wp\/v2\/pages\/922\/revisions\/1256"}],"wp:attachment":[{"href":"https:\/\/www.sophie-paints-your-event.com\/fr\/wp-json\/wp\/v2\/media?parent=922"}],"curies":[{"name":"wp","href":"https:\/\/api.w.org\/{rel}","templated":true}]}}