{"id":919,"date":"2025-01-30T10:26:32","date_gmt":"2025-01-30T09:26:32","guid":{"rendered":"https:\/\/www.sophie-paints-your-event.com\/faq-sur-lembauche-dun-peintre-de-mariage-en-direct\/"},"modified":"2025-06-12T14:59:44","modified_gmt":"2025-06-12T12:59:44","slug":"faq-sur-lembauche-dun-peintre-de-mariage-en-direct","status":"publish","type":"page","link":"https:\/\/www.sophie-paints-your-event.com\/fr\/faq-sur-lembauche-dun-peintre-de-mariage-en-direct\/","title":{"rendered":"FAQ sur l&#8217;embauche d&rsquo;un peintre de mariage in live"},"content":{"rendered":"\t\t<div data-elementor-type=\"wp-page\" data-elementor-id=\"919\" class=\"elementor elementor-919 elementor-74\" data-elementor-post-type=\"page\">\n\t\t\t\t<div class=\"elementor-element elementor-element-584c96c e-flex e-con-boxed e-con e-parent\" data-id=\"584c96c\" data-element_type=\"container\">\n\t\t\t\t\t<div class=\"e-con-inner\">\n\t\t\t\t<div class=\"elementor-element elementor-element-9fbde7f elementor-widget elementor-widget-text-editor\" data-id=\"9fbde7f\" data-element_type=\"widget\" data-widget_type=\"text-editor.default\">\n\t\t\t\t<div class=\"elementor-widget-container\">\n\t\t\t\t\t\t\t\t\t<h5>1. Qu&rsquo;est-ce qu&rsquo;un peintre de mariage en direct ?<\/h5><p>Un peintre de mariage est un artiste qui cr\u00e9e un tableau de votre mariage en temps r\u00e9el, pendant la c\u00e9l\u00e9bration. Je capture l&rsquo;atmosph\u00e8re, les \u00e9motions et les moments cl\u00e9s sur toile, offrant \u00e0 vos invit\u00e9s un spectacle vivant et une \u0153uvre d&rsquo;art sur mesure \u00e0 conserver pr\u00e9cieusement. <\/p><h5>2. Quels moments pouvez-vous peindre pendant le mariage ?<\/h5><p>Je peux me concentrer sur des moments cl\u00e9s comme vos v\u0153ux, votre premi\u00e8re danse ou une belle sc\u00e8ne de votre r\u00e9ception. Le tableau peut \u00e9galement mettre en valeur le paysage proven\u00e7al, en int\u00e9grant des champs de lavande, des oliviers ou le charme de votre lieu, pour refl\u00e9ter l&rsquo;esprit de votre journ\u00e9e. <\/p><h5>3. Combien de temps faut-il pour terminer le tableau ?<\/h5><p>Je commence \u00e0 peindre en direct lors de votre mariage et capture l&rsquo;essence de la sc\u00e8ne pendant l \u00ab \u00e9v\u00e9nement. Ensuite, je passe du temps en atelier \u00e0 peaufiner les d\u00e9tails pour garantir la perfection de l \u00bb \u0153uvre finale. Ce processus prend g\u00e9n\u00e9ralement de 2 \u00e0 4 semaines, selon le niveau de d\u00e9tail. Ensuite, les peintures \u00e0 l&rsquo;huile ont besoin de 10 semaines pour s\u00e9cher parfaitement&nbsp;; c&rsquo;est pourquoi je pr\u00e9vois g\u00e9n\u00e9ralement 12 semaines avant la livraison, mais ce d\u00e9lai peut \u00eatre l\u00e9g\u00e8rement inf\u00e9rieur.   <\/p><h5>4. Mes invit\u00e9s appr\u00e9cieront-ils de regarder le processus de peinture ?<\/h5><p>Absolument ! La peinture en direct est une exp\u00e9rience captivante. Les invit\u00e9s adorent voir la toile prendre vie tout au long de l \u00ab \u00e9v\u00e9nement, ajoutant une touche artistique et unique \u00e0 votre c\u00e9l\u00e9bration. Cela cr\u00e9e un sentiment d \u00bb \u00e9merveillement et devient un sujet de conversation pour tous.   <\/p><h5>5. Comment choisissez-vous ce que vous voulez inclure dans le tableau ?<\/h5><p>Avant le mariage, nous discuterons de votre vision et de vos pr\u00e9f\u00e9rences. Que vous souhaitiez un moment pr\u00e9cis, des d\u00e9tails cl\u00e9s comme votre tenue ou vos fleurs, ou une sc\u00e8ne plus large qui capture l&rsquo;atmosph\u00e8re, je travaillerai en \u00e9troite collaboration avec vous pour cr\u00e9er une composition qui refl\u00e8te parfaitement votre journ\u00e9e. <\/p><h5>6. Avez-vous besoin de quelque chose de sp\u00e9cifique \u00e0 mettre en place lors du mariage ?<\/h5><p>J&rsquo;ai besoin d&rsquo;un petit espace bien \u00e9clair\u00e9, \u00e0 proximit\u00e9 de l&rsquo;\u00e9v\u00e9nement principal, o\u00f9 je peux installer mon chevalet et mon mat\u00e9riel. Je veille \u00e0 ce que mon installation s&rsquo;int\u00e8gre parfaitement \u00e0 votre \u00e9v\u00e9nement et ne perturbe pas le d\u00e9roulement de la c\u00e9l\u00e9bration. <\/p><h5>7. Le style de peinture peut-il \u00eatre personnalis\u00e9 selon mes go\u00fbts ?<\/h5><p>Oui ! Mon style artistique allie r\u00e9alisme et impressionnisme, parfait pour capturer le romantisme et l&rsquo;atmosph\u00e8re de la Provence. Si vous avez des exigences particuli\u00e8res en mati\u00e8re de style ou de palette de couleurs, je m&rsquo;adapterai volontiers \u00e0 votre vision.  <\/p><h5>8. Est-il possible d\u2019inclure des \u00e9l\u00e9ments non pr\u00e9sents au mariage ?<\/h5><p>Oui, je peux incorporer des d\u00e9tails suppl\u00e9mentaires, tels que des animaux de compagnie bien-aim\u00e9s ou des \u00e9l\u00e9ments symboliques, pour personnaliser davantage votre peinture.<\/p><h5>9. Combien de temps \u00e0 l\u2019avance dois-je r\u00e9server ?<\/h5><p>Pour r\u00e9server votre date, mieux vaut r\u00e9server le plus t\u00f4t possible. Les dates de mariage les plus pris\u00e9es, surtout en Provence, peuvent vite se remplir.   <br>Vous pouvez \u00e9galement me r\u00e9server au dernier moment, selon mes disponibilit\u00e9s, car je m&rsquo;int\u00e8gre parfaitement au rythme de votre c\u00e9l\u00e9bration. Mon travail ne n\u00e9cessite aucun ajustement de votre planning, garantissant une exp\u00e9rience fluide et discr\u00e8te. <\/p><h5>10. Combien co\u00fbte l&#8217;embauche d&rsquo;un peintre de mariage en direct ?<\/h5><p>Les prix varient en fonction de facteurs tels que la taille du tableau, le niveau de d\u00e9tail et les besoins de d\u00e9placement. Contactez-moi pour un devis personnalis\u00e9 adapt\u00e9 \u00e0 vos besoins. <\/p><h5>11. Que se passe-t-il s\u2019il pleut ou si l\u2019\u00e9v\u00e9nement est retard\u00e9 ?<\/h5><p>En tant que professionnel, je m&rsquo;adapte aux impr\u00e9vus. Si la m\u00e9t\u00e9o ou le calendrier perturbent le processus de peinture, j&rsquo;ajusterai ma configuration ou mon calendrier tout en veillant \u00e0 ce que l&rsquo;\u0153uvre finale refl\u00e8te la beaut\u00e9 et l&rsquo;esprit de votre journ\u00e9e. <\/p><h5>12. Que se passe-t-il si vous n&rsquo;\u00eates pas disponible \u00e0 la date de mon mariage ?<\/h5><p>Si j&rsquo;ai d\u00e9j\u00e0 r\u00e9serv\u00e9 votre mariage, je vous propose de r\u00e9aliser un tableau sur commande depuis mon atelier. Vous pouvez fournir des photos ou des vid\u00e9os de haute qualit\u00e9 des moments cl\u00e9s et des d\u00e9tails que vous souhaitez immortaliser, et je cr\u00e9erai une \u0153uvre sur mesure qui refl\u00e8tera la beaut\u00e9 et l&rsquo;\u00e9motion de votre c\u00e9l\u00e9bration. Ainsi, vous conserverez un souvenir intemporel, m\u00eame si la peinture en direct n&rsquo;est pas possible.  <\/p><h5>13. Comment pouvons-nous s\u00e9curiser notre date ?<\/h5><p>Soumettez une demande avec des d\u00e9tails sur le jour de votre mariage.<br> Si je suis disponible, je vous enverrai un lien de r\u00e9servation avec votre contrat et votre facture.<br> Pour r\u00e9server votre date, un acompte de 30 % (plus les frais de d\u00e9placement) et le contrat sign\u00e9 sont requis dans les 7 jours. Le solde est d\u00fb 4 semaines avant le mariage. <\/p><h5>14. Quelle est votre politique d\u2019annulation ?<\/h5><p>Si vous devez annuler votre r\u00e9servation, veuillez m&rsquo;en informer au plus vite. Toute annulation effectu\u00e9e plus de 12 semaines avant la date du mariage donnera droit \u00e0 un remboursement partiel, selon les conditions stipul\u00e9es dans notre contrat.  Pour les annulations plus proches de l&rsquo;\u00e9v\u00e9nement, un remboursement peut ne pas \u00eatre possible en raison du temps r\u00e9serv\u00e9 \u00e0 votre date. Cependant, je serais heureux de discuter d&rsquo;une reprogrammation si la disponibilit\u00e9 le permet. Les d\u00e9tails sp\u00e9cifiques seront d\u00e9crits dans notre contrat pour plus de clart\u00e9 et de tranquillit\u00e9 d&rsquo;esprit.<\/p>\t\t\t\t\t\t\t\t<\/div>\n\t\t\t\t<\/div>\n\t\t\t\t\t<\/div>\n\t\t\t\t<\/div>\n\t\t\t\t<\/div>\n\t\t","protected":false},"excerpt":{"rendered":"<p>1. Qu&rsquo;est-ce qu&rsquo;un peintre de mariage en direct ? Un peintre de mariage est un artiste qui cr\u00e9e un tableau de votre mariage en temps r\u00e9el, pendant la c\u00e9l\u00e9bration. Je capture l&rsquo;atmosph\u00e8re, les \u00e9motions et les moments cl\u00e9s sur toile, offrant \u00e0 vos invit\u00e9s un spectacle vivant et une \u0153uvre d&rsquo;art sur mesure \u00e0 conserver [&hellip;]<\/p>\n","protected":false},"author":2,"featured_media":0,"parent":0,"menu_order":0,"comment_status":"closed","ping_status":"closed","template":"","meta":{"footnotes":""},"class_list":["post-919","page","type-page","status-publish","hentry"],"aioseo_notices":[],"_links":{"self":[{"href":"https:\/\/www.sophie-paints-your-event.com\/fr\/wp-json\/wp\/v2\/pages\/919","targetHints":{"allow":["GET"]}}],"collection":[{"href":"https:\/\/www.sophie-paints-your-event.com\/fr\/wp-json\/wp\/v2\/pages"}],"about":[{"href":"https:\/\/www.sophie-paints-your-event.com\/fr\/wp-json\/wp\/v2\/types\/page"}],"author":[{"embeddable":true,"href":"https:\/\/www.sophie-paints-your-event.com\/fr\/wp-json\/wp\/v2\/users\/2"}],"replies":[{"embeddable":true,"href":"https:\/\/www.sophie-paints-your-event.com\/fr\/wp-json\/wp\/v2\/comments?post=919"}],"version-history":[{"count":4,"href":"https:\/\/www.sophie-paints-your-event.com\/fr\/wp-json\/wp\/v2\/pages\/919\/revisions"}],"predecessor-version":[{"id":930,"href":"https:\/\/www.sophie-paints-your-event.com\/fr\/wp-json\/wp\/v2\/pages\/919\/revisions\/930"}],"wp:attachment":[{"href":"https:\/\/www.sophie-paints-your-event.com\/fr\/wp-json\/wp\/v2\/media?parent=919"}],"curies":[{"name":"wp","href":"https:\/\/api.w.org\/{rel}","templated":true}]}}