{"id":889,"date":"2025-01-30T10:24:55","date_gmt":"2025-01-30T09:24:55","guid":{"rendered":"https:\/\/www.sophie-paints-your-event.com\/parcours-personnel-en-tant-que-peintre\/"},"modified":"2025-06-12T14:51:09","modified_gmt":"2025-06-12T12:51:09","slug":"parcours-personnel-en-tant-que-peintre","status":"publish","type":"page","link":"https:\/\/www.sophie-paints-your-event.com\/fr\/parcours-personnel-en-tant-que-peintre\/","title":{"rendered":"Mon Parcours personnel en tant que peintre"},"content":{"rendered":"\t\t<div data-elementor-type=\"wp-page\" data-elementor-id=\"889\" class=\"elementor elementor-889 elementor-66\" data-elementor-post-type=\"page\">\n\t\t\t\t<div class=\"elementor-element elementor-element-6196410 e-flex e-con-boxed e-con e-parent\" data-id=\"6196410\" data-element_type=\"container\">\n\t\t\t\t\t<div class=\"e-con-inner\">\n\t\t<div class=\"elementor-element elementor-element-724a593 e-con-full e-flex e-con e-child\" data-id=\"724a593\" data-element_type=\"container\">\n\t\t\t\t<div class=\"elementor-element elementor-element-e138421 elementor-widget-mobile__width-initial elementor-widget elementor-widget-image\" data-id=\"e138421\" data-element_type=\"widget\" data-widget_type=\"image.default\">\n\t\t\t\t<div class=\"elementor-widget-container\">\n\t\t\t\t\t\t\t\t\t\t\t\t\t\t\t<img decoding=\"async\" src=\"https:\/\/www.sophie-paints-your-event.com\/wp-content\/uploads\/elementor\/thumbs\/IMG_0760-scaled-r22kfjoltq7hc46jzl844fo8t0w10vmpkmaz6jbaqc.jpg\" title=\"IMG_0760\" alt=\"IMG_0760\" loading=\"lazy\" \/>\t\t\t\t\t\t\t\t\t\t\t\t\t\t\t<\/div>\n\t\t\t\t<\/div>\n\t\t\t\t<\/div>\n\t\t<div class=\"elementor-element elementor-element-8fb5c32 e-con-full e-flex e-con e-child\" data-id=\"8fb5c32\" data-element_type=\"container\">\n\t\t\t\t<div class=\"elementor-element elementor-element-a1b9fd3 elementor-drop-cap-yes elementor-drop-cap-view-default elementor-widget elementor-widget-text-editor\" data-id=\"a1b9fd3\" data-element_type=\"widget\" data-settings=\"{&quot;drop_cap&quot;:&quot;yes&quot;}\" data-widget_type=\"text-editor.default\">\n\t\t\t\t<div class=\"elementor-widget-container\">\n\t\t\t\t\t\t\t\t\t<p>\u00c9lev\u00e9e entre les paysages culturels de la France et de la Californie, j&rsquo;ai d\u00e9velopp\u00e9 une perspective artistique unique qui allie des influences diverses. Ayant pass\u00e9 quinze ann\u00e9es \u00e0 Paris, je me suis impr\u00e9gn\u00e9e de sa sc\u00e8ne artistique vibrante, puisant mon inspiration dans sa riche histoire et sa cr\u00e9ativit\u00e9 dynamique. Les mus\u00e9es, les galeries et les rues de la ville sont devenus ma toile, fa\u00e7onnant mon expression artistique.  <\/p>\t\t\t\t\t\t\t\t<\/div>\n\t\t\t\t<\/div>\n\t\t\t\t<div class=\"elementor-element elementor-element-b54e676 elementor-widget elementor-widget-text-editor\" data-id=\"b54e676\" data-element_type=\"widget\" data-widget_type=\"text-editor.default\">\n\t\t\t\t<div class=\"elementor-widget-container\">\n\t\t\t\t\t\t\t\t\t<p>Mon d\u00e9m\u00e9nagement en Provence a marqu\u00e9 une p\u00e9riode transformatrice dans ma vie. La beaut\u00e9 sereine de la r\u00e9gion et sa lumi\u00e8re lumineuse ont profond\u00e9ment influenc\u00e9 mon travail, m&rsquo;orientant vers la capture de moments intimes dans des cadres pittoresques. Ce changement m&rsquo;a inspir\u00e9e \u00e0 me sp\u00e9cialiser dans la peinture de mariage en direct, me permettant d&rsquo;allier ma passion artistique \u00e0 la c\u00e9l\u00e9bration de l&rsquo;amour dans l&rsquo;un des lieux les plus enchanteurs du monde.  <\/p>\t\t\t\t\t\t\t\t<\/div>\n\t\t\t\t<\/div>\n\t\t\t\t<div class=\"elementor-element elementor-element-1623f51 elementor-widget elementor-widget-text-editor\" data-id=\"1623f51\" data-element_type=\"widget\" data-widget_type=\"text-editor.default\">\n\t\t\t\t<div class=\"elementor-widget-container\">\n\t\t\t\t\t\t\t\t\t<p>En cr\u00e9ant des souvenirs personnalis\u00e9s qui refl\u00e8tent \u00e0 la fois l&rsquo;amour du couple et la beaut\u00e9 intemporelle de la Provence, je m&rsquo;efforce d&rsquo;honorer l&rsquo;h\u00e9ritage artistique de la r\u00e9gion tout en contribuant \u00e0 sa tapisserie vivante.<\/p>\t\t\t\t\t\t\t\t<\/div>\n\t\t\t\t<\/div>\n\t\t\t\t<div class=\"elementor-element elementor-element-486d25c elementor-widget elementor-widget-text-editor\" data-id=\"486d25c\" data-element_type=\"widget\" data-widget_type=\"text-editor.default\">\n\t\t\t\t<div class=\"elementor-widget-container\">\n\t\t\t\t\t\t\t\t\t<p>En tant qu&rsquo;artiste profond\u00e9ment inspir\u00e9e par le riche patrimoine artistique de la Provence, j&rsquo;ai consacr\u00e9 ma carri\u00e8re \u00e0 capturer la beaut\u00e9 et le romantisme des mariages dans cette r\u00e9gion enchanteresse.<\/p>\t\t\t\t\t\t\t\t<\/div>\n\t\t\t\t<\/div>\n\t\t\t\t<\/div>\n\t\t\t\t\t<\/div>\n\t\t\t\t<\/div>\n\t\t<div class=\"elementor-element elementor-element-559cc24 e-flex e-con-boxed e-con e-parent\" data-id=\"559cc24\" data-element_type=\"container\">\n\t\t\t\t\t<div class=\"e-con-inner\">\n\t\t\t\t<div class=\"elementor-element elementor-element-f009cee elementor-widget-mobile__width-initial elementor-widget elementor-widget-heading\" data-id=\"f009cee\" data-element_type=\"widget\" data-widget_type=\"heading.default\">\n\t\t\t\t<div class=\"elementor-widget-container\">\n\t\t\t\t\t<h2 class=\"elementor-heading-title elementor-size-default\">Sp\u00e9cialisation dans la peinture de mariage en Provence<\/h2>\t\t\t\t<\/div>\n\t\t\t\t<\/div>\n\t\t<div class=\"elementor-element elementor-element-92acf4e e-con-full e-flex e-con e-child\" data-id=\"92acf4e\" data-element_type=\"container\">\n\t\t<div class=\"elementor-element elementor-element-b82a569 e-con-full e-flex e-con e-child\" data-id=\"b82a569\" data-element_type=\"container\">\n\t\t<div class=\"elementor-element elementor-element-927d365 e-con-full e-grid e-con e-child\" data-id=\"927d365\" data-element_type=\"container\">\n\t\t\t\t<div class=\"elementor-element elementor-element-29e94dc elementor-widget elementor-widget-image\" data-id=\"29e94dc\" data-element_type=\"widget\" data-widget_type=\"image.default\">\n\t\t\t\t<div class=\"elementor-widget-container\">\n\t\t\t\t\t\t\t\t\t\t\t\t\t\t\t<img fetchpriority=\"high\" decoding=\"async\" width=\"2560\" height=\"1920\" src=\"https:\/\/www.sophie-paints-your-event.com\/wp-content\/uploads\/2025\/02\/shutterstock_2466066499-scaled.jpg\" class=\"attachment-full size-full wp-image-880\" alt=\"\" srcset=\"https:\/\/www.sophie-paints-your-event.com\/wp-content\/uploads\/2025\/02\/shutterstock_2466066499-scaled.jpg 2560w, https:\/\/www.sophie-paints-your-event.com\/wp-content\/uploads\/2025\/02\/shutterstock_2466066499-300x225.jpg 300w, https:\/\/www.sophie-paints-your-event.com\/wp-content\/uploads\/2025\/02\/shutterstock_2466066499-1024x768.jpg 1024w, https:\/\/www.sophie-paints-your-event.com\/wp-content\/uploads\/2025\/02\/shutterstock_2466066499-768x576.jpg 768w, https:\/\/www.sophie-paints-your-event.com\/wp-content\/uploads\/2025\/02\/shutterstock_2466066499-1536x1152.jpg 1536w, https:\/\/www.sophie-paints-your-event.com\/wp-content\/uploads\/2025\/02\/shutterstock_2466066499-2048x1536.jpg 2048w\" sizes=\"(max-width: 2560px) 100vw, 2560px\" \/>\t\t\t\t\t\t\t\t\t\t\t\t\t\t\t<\/div>\n\t\t\t\t<\/div>\n\t\t\t\t<div class=\"elementor-element elementor-element-896f8a1 elementor-widget elementor-widget-image\" data-id=\"896f8a1\" data-element_type=\"widget\" data-widget_type=\"image.default\">\n\t\t\t\t<div class=\"elementor-widget-container\">\n\t\t\t\t\t\t\t\t\t\t\t\t\t\t\t<img fetchpriority=\"high\" decoding=\"async\" width=\"2560\" height=\"1920\" src=\"https:\/\/www.sophie-paints-your-event.com\/wp-content\/uploads\/2025\/02\/shutterstock_2466066499-scaled.jpg\" class=\"attachment-full size-full wp-image-880\" alt=\"\" srcset=\"https:\/\/www.sophie-paints-your-event.com\/wp-content\/uploads\/2025\/02\/shutterstock_2466066499-scaled.jpg 2560w, https:\/\/www.sophie-paints-your-event.com\/wp-content\/uploads\/2025\/02\/shutterstock_2466066499-300x225.jpg 300w, https:\/\/www.sophie-paints-your-event.com\/wp-content\/uploads\/2025\/02\/shutterstock_2466066499-1024x768.jpg 1024w, https:\/\/www.sophie-paints-your-event.com\/wp-content\/uploads\/2025\/02\/shutterstock_2466066499-768x576.jpg 768w, https:\/\/www.sophie-paints-your-event.com\/wp-content\/uploads\/2025\/02\/shutterstock_2466066499-1536x1152.jpg 1536w, https:\/\/www.sophie-paints-your-event.com\/wp-content\/uploads\/2025\/02\/shutterstock_2466066499-2048x1536.jpg 2048w\" sizes=\"(max-width: 2560px) 100vw, 2560px\" \/>\t\t\t\t\t\t\t\t\t\t\t\t\t\t\t<\/div>\n\t\t\t\t<\/div>\n\t\t\t\t<div class=\"elementor-element elementor-element-146a12c elementor-widget elementor-widget-image\" data-id=\"146a12c\" data-element_type=\"widget\" data-widget_type=\"image.default\">\n\t\t\t\t<div class=\"elementor-widget-container\">\n\t\t\t\t\t\t\t\t\t\t\t\t\t\t\t<img fetchpriority=\"high\" decoding=\"async\" width=\"2560\" height=\"1920\" src=\"https:\/\/www.sophie-paints-your-event.com\/wp-content\/uploads\/2025\/02\/shutterstock_2466066499-scaled.jpg\" class=\"attachment-full size-full wp-image-880\" alt=\"\" srcset=\"https:\/\/www.sophie-paints-your-event.com\/wp-content\/uploads\/2025\/02\/shutterstock_2466066499-scaled.jpg 2560w, https:\/\/www.sophie-paints-your-event.com\/wp-content\/uploads\/2025\/02\/shutterstock_2466066499-300x225.jpg 300w, https:\/\/www.sophie-paints-your-event.com\/wp-content\/uploads\/2025\/02\/shutterstock_2466066499-1024x768.jpg 1024w, https:\/\/www.sophie-paints-your-event.com\/wp-content\/uploads\/2025\/02\/shutterstock_2466066499-768x576.jpg 768w, https:\/\/www.sophie-paints-your-event.com\/wp-content\/uploads\/2025\/02\/shutterstock_2466066499-1536x1152.jpg 1536w, https:\/\/www.sophie-paints-your-event.com\/wp-content\/uploads\/2025\/02\/shutterstock_2466066499-2048x1536.jpg 2048w\" sizes=\"(max-width: 2560px) 100vw, 2560px\" \/>\t\t\t\t\t\t\t\t\t\t\t\t\t\t\t<\/div>\n\t\t\t\t<\/div>\n\t\t\t\t<\/div>\n\t\t\t\t<\/div>\n\t\t<div class=\"elementor-element elementor-element-5b30be9 e-con-full e-flex e-con e-child\" data-id=\"5b30be9\" data-element_type=\"container\">\n\t\t\t\t<div class=\"elementor-element elementor-element-7705d2b elementor-drop-cap-yes elementor-drop-cap-view-default elementor-widget elementor-widget-text-editor\" data-id=\"7705d2b\" data-element_type=\"widget\" data-settings=\"{&quot;drop_cap&quot;:&quot;yes&quot;}\" data-widget_type=\"text-editor.default\">\n\t\t\t\t<div class=\"elementor-widget-container\">\n\t\t\t\t\t\t\t\t\t<p>Les paysages magnifiques et l&rsquo;ambiance romantique de la Provence en font une destination de mariage tr\u00e8s pris\u00e9e. Les couples sont attir\u00e9s par ses paysages pittoresques et ses villages charmants, \u00e0 la recherche d&rsquo;un cadre unique et m\u00e9morable pour leur journ\u00e9e sp\u00e9ciale. <\/p>\t\t\t\t\t\t\t\t<\/div>\n\t\t\t\t<\/div>\n\t\t\t\t<div class=\"elementor-element elementor-element-1d565ec elementor-widget elementor-widget-text-editor\" data-id=\"1d565ec\" data-element_type=\"widget\" data-widget_type=\"text-editor.default\">\n\t\t\t\t<div class=\"elementor-widget-container\">\n\t\t\t\t\t\t\t\t\t<p>En me sp\u00e9cialisant dans la peinture de mariage en direct, j&rsquo;offre aux couples un souvenir personnalis\u00e9 et artistique qui capture l&rsquo;essence de leur c\u00e9l\u00e9bration au c\u0153ur de la beaut\u00e9 proven\u00e7ale. Cette pratique procure non seulement un m\u00e9mento unique, mais ajoute \u00e9galement un \u00e9l\u00e9ment interactif au mariage, les invit\u00e9s pouvant assister en temps r\u00e9el \u00e0 la cr\u00e9ation de l&rsquo;\u0153uvre d&rsquo;art. <\/p>\t\t\t\t\t\t\t\t<\/div>\n\t\t\t\t<\/div>\n\t\t<div class=\"elementor-element elementor-element-684ce4e e-con-full elementor-hidden-tablet e-flex e-con e-child\" data-id=\"684ce4e\" data-element_type=\"container\">\n\t\t\t\t<div class=\"elementor-element elementor-element-4262bc2 elementor-widget__width-initial elementor-widget elementor-widget-image\" data-id=\"4262bc2\" data-element_type=\"widget\" data-widget_type=\"image.default\">\n\t\t\t\t<div class=\"elementor-widget-container\">\n\t\t\t\t\t\t\t\t\t\t\t\t\t\t\t<img decoding=\"async\" src=\"https:\/\/www.sophie-paints-your-event.com\/wp-content\/uploads\/elementor\/thumbs\/shutterstock_177349493-scaled-r0t82bcin6hksi62das2kcbbv26jcxvlpkq9hej8f8.jpg\" title=\"Happy,Bridal,Couple,In,Lavander,Fields\" alt=\"Happy,Bridal,Couple,In,Lavander,Fields\" loading=\"lazy\" \/>\t\t\t\t\t\t\t\t\t\t\t\t\t\t\t<\/div>\n\t\t\t\t<\/div>\n\t\t\t\t<div class=\"elementor-element elementor-element-af8f4b7 elementor-widget__width-initial elementor-widget elementor-widget-text-editor\" data-id=\"af8f4b7\" data-element_type=\"widget\" data-widget_type=\"text-editor.default\">\n\t\t\t\t<div class=\"elementor-widget-container\">\n\t\t\t\t\t\t\t\t\t<p>En capturant l&rsquo;ambiance unique de chaque mariage, je m&rsquo;efforce de cr\u00e9er des souvenirs personnalis\u00e9s qui refl\u00e8tent \u00e0 la fois l&rsquo;amour du couple et la beaut\u00e9 intemporelle de la Provence. Cette sp\u00e9cialisation me permet non seulement d&rsquo;honorer les traditions artistiques de la r\u00e9gion, mais aussi de contribuer \u00e0 sa tapisserie vivante en comm\u00e9morant de nouvelles histoires d&rsquo;amour \u00e0 travers mes peintures. <\/p>\t\t\t\t\t\t\t\t<\/div>\n\t\t\t\t<\/div>\n\t\t\t\t<\/div>\n\t\t\t\t<\/div>\n\t\t\t\t<\/div>\n\t\t<div class=\"elementor-element elementor-element-3125fa4 e-con-full elementor-hidden-desktop elementor-hidden-mobile e-flex e-con e-child\" data-id=\"3125fa4\" data-element_type=\"container\">\n\t\t\t\t<div class=\"elementor-element elementor-element-31feab2 elementor-widget__width-initial elementor-widget elementor-widget-image\" data-id=\"31feab2\" data-element_type=\"widget\" data-widget_type=\"image.default\">\n\t\t\t\t<div class=\"elementor-widget-container\">\n\t\t\t\t\t\t\t\t\t\t\t\t\t\t\t<img decoding=\"async\" src=\"https:\/\/www.sophie-paints-your-event.com\/wp-content\/uploads\/elementor\/thumbs\/shutterstock_177349493-scaled-r0t82bcin6hksi62das2kcbbv26jcxvlpkq9hej8f8.jpg\" title=\"Happy,Bridal,Couple,In,Lavander,Fields\" alt=\"Happy,Bridal,Couple,In,Lavander,Fields\" loading=\"lazy\" \/>\t\t\t\t\t\t\t\t\t\t\t\t\t\t\t<\/div>\n\t\t\t\t<\/div>\n\t\t\t\t<div class=\"elementor-element elementor-element-c228fc2 elementor-widget__width-initial elementor-widget elementor-widget-text-editor\" data-id=\"c228fc2\" data-element_type=\"widget\" data-widget_type=\"text-editor.default\">\n\t\t\t\t<div class=\"elementor-widget-container\">\n\t\t\t\t\t\t\t\t\t<p>En capturant l&rsquo;ambiance unique de chaque mariage, je m&rsquo;efforce de cr\u00e9er des souvenirs personnalis\u00e9s qui refl\u00e8tent \u00e0 la fois l&rsquo;amour du couple et la beaut\u00e9 intemporelle de la Provence. Cette sp\u00e9cialisation me permet non seulement d&rsquo;honorer les traditions artistiques de la r\u00e9gion, mais aussi de contribuer \u00e0 sa tapisserie vivante en comm\u00e9morant de nouvelles histoires d&rsquo;amour \u00e0 travers mes peintures. <\/p>\t\t\t\t\t\t\t\t<\/div>\n\t\t\t\t<\/div>\n\t\t\t\t<\/div>\n\t\t\t\t\t<\/div>\n\t\t\t\t<\/div>\n\t\t\t\t<\/div>\n\t\t","protected":false},"excerpt":{"rendered":"<p>\u00c9lev\u00e9e entre les paysages culturels de la France et de la Californie, j&rsquo;ai d\u00e9velopp\u00e9 une perspective artistique unique qui allie des influences diverses. Ayant pass\u00e9 quinze ann\u00e9es \u00e0 Paris, je me suis impr\u00e9gn\u00e9e de sa sc\u00e8ne artistique vibrante, puisant mon inspiration dans sa riche histoire et sa cr\u00e9ativit\u00e9 dynamique. Les mus\u00e9es, les galeries et les [&hellip;]<\/p>\n","protected":false},"author":2,"featured_media":0,"parent":0,"menu_order":0,"comment_status":"closed","ping_status":"closed","template":"elementor_theme","meta":{"footnotes":""},"class_list":["post-889","page","type-page","status-publish","hentry"],"aioseo_notices":[],"_links":{"self":[{"href":"https:\/\/www.sophie-paints-your-event.com\/fr\/wp-json\/wp\/v2\/pages\/889","targetHints":{"allow":["GET"]}}],"collection":[{"href":"https:\/\/www.sophie-paints-your-event.com\/fr\/wp-json\/wp\/v2\/pages"}],"about":[{"href":"https:\/\/www.sophie-paints-your-event.com\/fr\/wp-json\/wp\/v2\/types\/page"}],"author":[{"embeddable":true,"href":"https:\/\/www.sophie-paints-your-event.com\/fr\/wp-json\/wp\/v2\/users\/2"}],"replies":[{"embeddable":true,"href":"https:\/\/www.sophie-paints-your-event.com\/fr\/wp-json\/wp\/v2\/comments?post=889"}],"version-history":[{"count":4,"href":"https:\/\/www.sophie-paints-your-event.com\/fr\/wp-json\/wp\/v2\/pages\/889\/revisions"}],"predecessor-version":[{"id":926,"href":"https:\/\/www.sophie-paints-your-event.com\/fr\/wp-json\/wp\/v2\/pages\/889\/revisions\/926"}],"wp:attachment":[{"href":"https:\/\/www.sophie-paints-your-event.com\/fr\/wp-json\/wp\/v2\/media?parent=889"}],"curies":[{"name":"wp","href":"https:\/\/api.w.org\/{rel}","templated":true}]}}