{"id":1596,"date":"2025-12-04T10:37:25","date_gmt":"2025-12-04T09:37:25","guid":{"rendered":"https:\/\/www.sophie-paints-your-event.com\/les-croquis-invites-un-cadeau-invite-unique-et-inoubliable-pour-votre-mariage\/"},"modified":"2025-12-04T16:59:42","modified_gmt":"2025-12-04T15:59:42","slug":"les-croquis-invites-un-cadeau-invite-unique-et-inoubliable-pour-votre-mariage","status":"publish","type":"page","link":"https:\/\/www.sophie-paints-your-event.com\/fr\/les-croquis-invites-un-cadeau-invite-unique-et-inoubliable-pour-votre-mariage\/","title":{"rendered":"Les croquis invit\u00e9s &#8211; Un cadeau invit\u00e9 unique et inoubliable pour votre mariage"},"content":{"rendered":"\t\t<div data-elementor-type=\"wp-page\" data-elementor-id=\"1596\" class=\"elementor elementor-1596 elementor-1570\" data-elementor-post-type=\"page\">\n\t\t\t\t<div class=\"elementor-element elementor-element-c6747cd e-flex e-con-boxed e-con e-parent\" data-id=\"c6747cd\" data-element_type=\"container\">\n\t\t\t\t\t<div class=\"e-con-inner\">\n\t\t<div class=\"elementor-element elementor-element-cf5e5ef e-con-full e-flex e-con e-child\" data-id=\"cf5e5ef\" data-element_type=\"container\">\n\t\t\t\t<div class=\"elementor-element elementor-element-ee7fb92 elementor-widget elementor-widget-image\" data-id=\"ee7fb92\" data-element_type=\"widget\" data-widget_type=\"image.default\">\n\t\t\t\t<div class=\"elementor-widget-container\">\n\t\t\t\t\t\t\t\t\t\t\t\t\t\t\t<img fetchpriority=\"high\" decoding=\"async\" width=\"2513\" height=\"1508\" src=\"https:\/\/www.sophie-paints-your-event.com\/wp-content\/uploads\/2025\/12\/20251122_152254623_iOS.jpg\" class=\"attachment-full size-full wp-image-1616\" alt=\"\" srcset=\"https:\/\/www.sophie-paints-your-event.com\/wp-content\/uploads\/2025\/12\/20251122_152254623_iOS.jpg 2513w, https:\/\/www.sophie-paints-your-event.com\/wp-content\/uploads\/2025\/12\/20251122_152254623_iOS-300x180.jpg 300w, https:\/\/www.sophie-paints-your-event.com\/wp-content\/uploads\/2025\/12\/20251122_152254623_iOS-1024x614.jpg 1024w, https:\/\/www.sophie-paints-your-event.com\/wp-content\/uploads\/2025\/12\/20251122_152254623_iOS-768x461.jpg 768w, https:\/\/www.sophie-paints-your-event.com\/wp-content\/uploads\/2025\/12\/20251122_152254623_iOS-1536x922.jpg 1536w, https:\/\/www.sophie-paints-your-event.com\/wp-content\/uploads\/2025\/12\/20251122_152254623_iOS-2048x1229.jpg 2048w\" sizes=\"(max-width: 2513px) 100vw, 2513px\" \/>\t\t\t\t\t\t\t\t\t\t\t\t\t\t\t<\/div>\n\t\t\t\t<\/div>\n\t\t\t\t<\/div>\n\t\t\t\t<div class=\"elementor-element elementor-element-6512755 elementor-widget elementor-widget-text-editor\" data-id=\"6512755\" data-element_type=\"widget\" data-widget_type=\"text-editor.default\">\n\t\t\t\t<div class=\"elementor-widget-container\">\n\t\t\t\t\t\t\t\t\t<h2>Si vous \u00eates \u00e0 la recherche d&rsquo;un cadeau de mariage original et haut de gamme que vos invit\u00e9s ch\u00e9riront, les croquis d&rsquo;invit\u00e9s sont le choix id\u00e9al.Chaque invit\u00e9 re\u00e7oit un portrait authentique, dessin\u00e9 \u00e0 la main (croquis d&rsquo;invit\u00e9s) &#8211; une petite \u0153uvre d&rsquo;art cr\u00e9\u00e9e sp\u00e9cialement pour lui. C&rsquo;est un souvenir raffin\u00e9, \u00e9mouvant et m\u00e9morable qui rehausse votre c\u00e9l\u00e9bration.<\/h2>\t\t\t\t\t\t\t\t<\/div>\n\t\t\t\t<\/div>\n\t\t<div class=\"elementor-element elementor-element-d29d1db e-con-full e-flex e-con e-child\" data-id=\"d29d1db\" data-element_type=\"container\">\n\t\t<div class=\"elementor-element elementor-element-adb3f05 e-con-full e-flex e-con e-child\" data-id=\"adb3f05\" data-element_type=\"container\">\n\t\t\t\t<div class=\"elementor-element elementor-element-ba3269a elementor-widget elementor-widget-heading\" data-id=\"ba3269a\" data-element_type=\"widget\" data-widget_type=\"heading.default\">\n\t\t\t\t<div class=\"elementor-widget-container\">\n\t\t\t\t\t<h2 class=\"elementor-heading-title elementor-size-default\">L\u2019animation artistique tendance pour un mariage raffin\u00e9<\/h2>\t\t\t\t<\/div>\n\t\t\t\t<\/div>\n\t\t\t\t<div class=\"elementor-element elementor-element-80a1ef0 elementor-widget elementor-widget-text-editor\" data-id=\"80a1ef0\" data-element_type=\"widget\" data-widget_type=\"text-editor.default\">\n\t\t\t\t<div class=\"elementor-widget-container\">\n\t\t\t\t\t\t\t\t\t<p>En tant que <strong>dessinateur de mariage<\/strong> (live wedding sketch artist), j\u2019apporte \u00e0 votre journ\u00e9e une touche artistique rare et r\u00e9solument fran\u00e7aise.<\/p><p>Les croquis invit\u00e9s sont aujourd\u2019hui l\u2019une des <strong>animations mariage originales<\/strong> les plus recherch\u00e9es pour les mariages haut de gamme.<\/p><p>Cette animation po\u00e9tique, \u00e9l\u00e9gante et moderne cr\u00e9e un v\u00e9ritable \u201ceffet waouh\u201d et offre une exp\u00e9rience unique que vos invit\u00e9s n\u2019oublieront pas.<\/p>\t\t\t\t\t\t\t\t<\/div>\n\t\t\t\t<\/div>\n\t\t\t\t<\/div>\n\t\t<div class=\"elementor-element elementor-element-0f6da65 e-con-full e-flex e-con e-child\" data-id=\"0f6da65\" data-element_type=\"container\">\n\t\t\t\t<div class=\"elementor-element elementor-element-ff2c042 elementor-widget elementor-widget-image\" data-id=\"ff2c042\" data-element_type=\"widget\" data-widget_type=\"image.default\">\n\t\t\t\t<div class=\"elementor-widget-container\">\n\t\t\t\t\t\t\t\t\t\t\t\t\t\t\t<img decoding=\"async\" src=\"https:\/\/www.sophie-paints-your-event.com\/wp-content\/uploads\/elementor\/thumbs\/IMG_20251122_154912-scaled-rfnvvou7t45rp302ikkjcuamzbz7nak7m3tganog0k.jpg\" title=\"IMG_20251122_154912\" alt=\"IMG_20251122_154912\" loading=\"lazy\" \/>\t\t\t\t\t\t\t\t\t\t\t\t\t\t\t<\/div>\n\t\t\t\t<\/div>\n\t\t\t\t<\/div>\n\t\t\t\t<\/div>\n\t\t<div class=\"elementor-element elementor-element-cef6ea8 e-con-full e-flex e-con e-child\" data-id=\"cef6ea8\" data-element_type=\"container\">\n\t\t<div class=\"elementor-element elementor-element-0b7acb4 e-con-full e-flex e-con e-child\" data-id=\"0b7acb4\" data-element_type=\"container\">\n\t\t\t\t<div class=\"elementor-element elementor-element-f1dac40 elementor-widget__width-initial elementor-widget elementor-widget-image\" data-id=\"f1dac40\" data-element_type=\"widget\" data-widget_type=\"image.default\">\n\t\t\t\t<div class=\"elementor-widget-container\">\n\t\t\t\t\t\t\t\t\t\t\t\t\t\t\t<img decoding=\"async\" src=\"https:\/\/www.sophie-paints-your-event.com\/wp-content\/uploads\/elementor\/thumbs\/20251109_152518253_iOS-rfnvuwn243360s5138dqa1et5ru78dg9i88vwcu978.jpg\" title=\"20251109_152518253_iOS\" alt=\"20251109_152518253_iOS\" loading=\"lazy\" \/>\t\t\t\t\t\t\t\t\t\t\t\t\t\t\t<\/div>\n\t\t\t\t<\/div>\n\t\t\t\t<\/div>\n\t\t<div class=\"elementor-element elementor-element-3d2850b e-con-full e-flex e-con e-child\" data-id=\"3d2850b\" data-element_type=\"container\">\n\t\t\t\t<div class=\"elementor-element elementor-element-ee6489c elementor-widget elementor-widget-heading\" data-id=\"ee6489c\" data-element_type=\"widget\" data-widget_type=\"heading.default\">\n\t\t\t\t<div class=\"elementor-widget-container\">\n\t\t\t\t\t<h2 class=\"elementor-heading-title elementor-size-default\">Un style artistique reconnu : r\u00e9aliste, minimaliste et lumineux<\/h2>\t\t\t\t<\/div>\n\t\t\t\t<\/div>\n\t\t\t\t<div class=\"elementor-element elementor-element-d7eeca1 elementor-widget elementor-widget-text-editor\" data-id=\"d7eeca1\" data-element_type=\"widget\" data-widget_type=\"text-editor.default\">\n\t\t\t\t<div class=\"elementor-widget-container\">\n\t\t\t\t\t\t\t\t\t<p>Artiste peintre depuis de nombreuses ann\u00e9es, je r\u00e9alise chaque portrait dans un style <strong>r\u00e9aliste, minimaliste et lumineux,<\/strong> qui capture fid\u00e8lement les traits du visage.<\/p><p>Les invit\u00e9s sont vraiment reconnaissables : leur expression, leur personnalit\u00e9 transparaissent dans chaque dessin.<\/p><p>Cette expertise fait des croquis invit\u00e9s une <strong>animation artistique mariage<\/strong> d\u2019une rare finesse, appr\u00e9ci\u00e9e pour son \u00e9l\u00e9gance et son originalit\u00e9.<\/p>\t\t\t\t\t\t\t\t<\/div>\n\t\t\t\t<\/div>\n\t\t\t\t<\/div>\n\t\t\t\t<\/div>\n\t\t<div class=\"elementor-element elementor-element-3ad4744 e-con-full e-flex e-con e-child\" data-id=\"3ad4744\" data-element_type=\"container\">\n\t\t<div class=\"elementor-element elementor-element-2cbf3c8 e-con-full e-flex e-con e-child\" data-id=\"2cbf3c8\" data-element_type=\"container\">\n\t\t\t\t<div class=\"elementor-element elementor-element-5f9144a elementor-widget elementor-widget-heading\" data-id=\"5f9144a\" data-element_type=\"widget\" data-widget_type=\"heading.default\">\n\t\t\t\t<div class=\"elementor-widget-container\">\n\t\t\t\t\t<h2 class=\"elementor-heading-title elementor-size-default\">Une prestation cl\u00e9 en main, fluide et sans contrainte<\/h2>\t\t\t\t<\/div>\n\t\t\t\t<\/div>\n\t\t\t\t<div class=\"elementor-element elementor-element-4c36874 elementor-widget elementor-widget-text-editor\" data-id=\"4c36874\" data-element_type=\"widget\" data-widget_type=\"text-editor.default\">\n\t\t\t\t<div class=\"elementor-widget-container\">\n\t\t\t\t\t\t\t\t\t<p>Mon installation prend la forme d\u2019un <em>atelier d\u2019artiste \u00e9l\u00e9gant<\/em>, parfaitement int\u00e9gr\u00e9 \u00e0 votre d\u00e9cor.<\/p><p>Pour ne pas interrompre votre journ\u00e9e, je photographie vos invit\u00e9s avant de r\u00e9aliser leurs portraits \u00e0 partir de ces images : \u2028ils peuvent ainsi profiter pleinement de votre mariage sans avoir \u00e0 poser.<\/p><p>Les convives aiment revenir voir l&rsquo;\u00e9volution des croquis, cr\u00e9ant un moment d\u2019interaction chaleureux et artistique.\u2028Les portraits sont remis le jour m\u00eame, pr\u00eats \u00e0 \u00eatre emport\u00e9s.<\/p>\t\t\t\t\t\t\t\t<\/div>\n\t\t\t\t<\/div>\n\t\t\t\t<\/div>\n\t\t<div class=\"elementor-element elementor-element-2c507d0 e-con-full e-flex e-con e-child\" data-id=\"2c507d0\" data-element_type=\"container\">\n\t\t\t\t<div class=\"elementor-element elementor-element-4b758b6 elementor-widget elementor-widget-image\" data-id=\"4b758b6\" data-element_type=\"widget\" data-widget_type=\"image.default\">\n\t\t\t\t<div class=\"elementor-widget-container\">\n\t\t\t\t\t\t\t\t\t\t\t\t\t\t\t<img decoding=\"async\" src=\"https:\/\/www.sophie-paints-your-event.com\/wp-content\/uploads\/elementor\/thumbs\/20251109_153701196_iOS-rfnvv61g0fg18vrdkcfzyz1f3mjvdchkvirqp4gbh0.jpg\" title=\"20251109_153701196_iOS\" alt=\"20251109_153701196_iOS\" loading=\"lazy\" \/>\t\t\t\t\t\t\t\t\t\t\t\t\t\t\t<\/div>\n\t\t\t\t<\/div>\n\t\t\t\t<\/div>\n\t\t\t\t<\/div>\n\t\t\t\t<div class=\"elementor-element elementor-element-60f9d20 elementor-widget elementor-widget-heading\" data-id=\"60f9d20\" data-element_type=\"widget\" data-widget_type=\"heading.default\">\n\t\t\t\t<div class=\"elementor-widget-container\">\n\t\t\t\t\t<h2 class=\"elementor-heading-title elementor-size-default\">Supports premium, options personnalis\u00e9es et finitions haut de gamme<\/h2>\t\t\t\t<\/div>\n\t\t\t\t<\/div>\n\t\t\t\t<div class=\"elementor-element elementor-element-54f1b86 elementor-widget elementor-widget-text-editor\" data-id=\"54f1b86\" data-element_type=\"widget\" data-widget_type=\"text-editor.default\">\n\t\t\t\t<div class=\"elementor-widget-container\">\n\t\t\t\t\t\t\t\t\t<ul><li>Croquis r\u00e9alis\u00e9s sur <strong>papier d\u2019art de haute qualit\u00e9 (format A5)<\/strong><\/li><li><strong>Personnalisation du papier<\/strong> : pr\u00e9noms des mari\u00e9s, date, lieu, citation ou texte de votre choix<\/li><li><strong>Option portrait des mari\u00e9s au format A4,<\/strong> dans le m\u00eame style raffin\u00e9<\/li><li>Envoi num\u00e9rique des portraits disponible (id\u00e9al pour cartes de remerciement)<\/li><li>Chaque dessin est <strong>sign\u00e9<\/strong>, \u00e9l\u00e9gamment <strong>estamp\u00e9<\/strong>, et pr\u00e9sent\u00e9 dans une <strong>pochette cristal <\/strong>protectrice<\/li><\/ul>\t\t\t\t\t\t\t\t<\/div>\n\t\t\t\t<\/div>\n\t\t\t\t<div class=\"elementor-element elementor-element-5fb0618 elementor-widget elementor-widget-text-editor\" data-id=\"5fb0618\" data-element_type=\"widget\" data-widget_type=\"text-editor.default\">\n\t\t\t\t<div class=\"elementor-widget-container\">\n\t\t\t\t\t\t\t\t\t<p style=\"text-align: center;\"><strong>Ces d\u00e9tails soign\u00e9s renforcent l\u2019exp\u00e9rience haut de gamme et professionnelle de cette animation.<\/strong><\/p>\t\t\t\t\t\t\t\t<\/div>\n\t\t\t\t<\/div>\n\t\t\t\t\t<\/div>\n\t\t\t\t<\/div>\n\t\t<div class=\"elementor-element elementor-element-4f3f05d e-flex e-con-boxed e-con e-parent\" data-id=\"4f3f05d\" data-element_type=\"container\" data-settings=\"{&quot;background_background&quot;:&quot;classic&quot;}\">\n\t\t\t\t\t<div class=\"e-con-inner\">\n\t\t<div class=\"elementor-element elementor-element-938e2fc e-con-full e-flex e-con e-child\" data-id=\"938e2fc\" data-element_type=\"container\">\n\t\t\t\t<div class=\"elementor-element elementor-element-0712cce elementor-widget__width-initial elementor-widget elementor-widget-image\" data-id=\"0712cce\" data-element_type=\"widget\" data-widget_type=\"image.default\">\n\t\t\t\t<div class=\"elementor-widget-container\">\n\t\t\t\t\t\t\t\t\t\t\t\t\t\t\t<img decoding=\"async\" src=\"https:\/\/www.sophie-paints-your-event.com\/wp-content\/uploads\/elementor\/thumbs\/20251109_153657276_iOS-rfnvv37xfxc6a1vh0t849hr1bgxrq96dv4ta9akhzo.jpg\" title=\"20251109_153657276_iOS\" alt=\"20251109_153657276_iOS\" loading=\"lazy\" \/>\t\t\t\t\t\t\t\t\t\t\t\t\t\t\t<\/div>\n\t\t\t\t<\/div>\n\t\t\t\t<\/div>\n\t\t<div class=\"elementor-element elementor-element-86677cb e-con-full e-flex e-con e-child\" data-id=\"86677cb\" data-element_type=\"container\" data-settings=\"{&quot;background_background&quot;:&quot;classic&quot;}\">\n\t\t<div class=\"elementor-element elementor-element-d3dd0c0 e-con-full e-flex e-con e-child\" data-id=\"d3dd0c0\" data-element_type=\"container\">\n\t\t\t\t<div class=\"elementor-element elementor-element-a632e01 elementor-widget elementor-widget-heading\" data-id=\"a632e01\" data-element_type=\"widget\" data-widget_type=\"heading.default\">\n\t\t\t\t<div class=\"elementor-widget-container\">\n\t\t\t\t\t<h2 class=\"elementor-heading-title elementor-size-default\">Sublimez votre mariage avec des croquis invit\u00e9s uniques<\/h2>\t\t\t\t<\/div>\n\t\t\t\t<\/div>\n\t\t\t\t<div class=\"elementor-element elementor-element-d40dc4e elementor-widget__width-initial elementor-widget elementor-widget-text-editor\" data-id=\"d40dc4e\" data-element_type=\"widget\" data-widget_type=\"text-editor.default\">\n\t\t\t\t<div class=\"elementor-widget-container\">\n\t\t\t\t\t\t\t\t\t<p>Si vous souhaitez offrir \u00e0 vos invit\u00e9s un cadeau artistique, \u00e9l\u00e9gant et charg\u00e9 d\u2019\u00e9motion, les <strong>croquis invit\u00e9s <\/strong>sont l\u2019animation parfaite.<\/p><p>Je serais ravie de vous accompagner pour cr\u00e9er un moment inoubliable lors de votre mariage.<\/p>\t\t\t\t\t\t\t\t<\/div>\n\t\t\t\t<\/div>\n\t\t\t\t<\/div>\n\t\t\t\t<div class=\"elementor-element elementor-element-7b9b840 elementor-align-center elementor-widget__width-initial elementor-widget elementor-widget-button\" data-id=\"7b9b840\" data-element_type=\"widget\" data-widget_type=\"button.default\">\n\t\t\t\t<div class=\"elementor-widget-container\">\n\t\t\t\t\t\t\t\t\t<div class=\"elementor-button-wrapper\">\n\t\t\t\t\t<a class=\"elementor-button elementor-button-link elementor-size-sm\" href=\"https:\/\/www.sophie-paints-your-event.com\/fr\/contact\/\">\n\t\t\t\t\t\t<span class=\"elementor-button-content-wrapper\">\n\t\t\t\t\t\t\t\t\t<span class=\"elementor-button-text\">Contactez-moi d\u00e8s maintenant pour v\u00e9rifier ma disponibilit\u00e9 et recevoir un devis personnalis\u00e9.<\/span>\n\t\t\t\t\t<\/span>\n\t\t\t\t\t<\/a>\n\t\t\t\t<\/div>\n\t\t\t\t\t\t\t\t<\/div>\n\t\t\t\t<\/div>\n\t\t\t\t<\/div>\n\t\t\t\t\t<\/div>\n\t\t\t\t<\/div>\n\t\t\t\t<\/div>\n\t\t","protected":false},"excerpt":{"rendered":"<p>Si vous \u00eates \u00e0 la recherche d&rsquo;un cadeau de mariage original et haut de gamme que vos invit\u00e9s ch\u00e9riront, les croquis d&rsquo;invit\u00e9s sont le choix id\u00e9al.<\/p>\n","protected":false},"author":2,"featured_media":1612,"parent":0,"menu_order":0,"comment_status":"closed","ping_status":"closed","template":"elementor_theme","meta":{"footnotes":""},"class_list":["post-1596","page","type-page","status-publish","has-post-thumbnail","hentry"],"aioseo_notices":[],"_links":{"self":[{"href":"https:\/\/www.sophie-paints-your-event.com\/fr\/wp-json\/wp\/v2\/pages\/1596","targetHints":{"allow":["GET"]}}],"collection":[{"href":"https:\/\/www.sophie-paints-your-event.com\/fr\/wp-json\/wp\/v2\/pages"}],"about":[{"href":"https:\/\/www.sophie-paints-your-event.com\/fr\/wp-json\/wp\/v2\/types\/page"}],"author":[{"embeddable":true,"href":"https:\/\/www.sophie-paints-your-event.com\/fr\/wp-json\/wp\/v2\/users\/2"}],"replies":[{"embeddable":true,"href":"https:\/\/www.sophie-paints-your-event.com\/fr\/wp-json\/wp\/v2\/comments?post=1596"}],"version-history":[{"count":8,"href":"https:\/\/www.sophie-paints-your-event.com\/fr\/wp-json\/wp\/v2\/pages\/1596\/revisions"}],"predecessor-version":[{"id":1655,"href":"https:\/\/www.sophie-paints-your-event.com\/fr\/wp-json\/wp\/v2\/pages\/1596\/revisions\/1655"}],"wp:featuredmedia":[{"embeddable":true,"href":"https:\/\/www.sophie-paints-your-event.com\/fr\/wp-json\/wp\/v2\/media\/1612"}],"wp:attachment":[{"href":"https:\/\/www.sophie-paints-your-event.com\/fr\/wp-json\/wp\/v2\/media?parent=1596"}],"curies":[{"name":"wp","href":"https:\/\/api.w.org\/{rel}","templated":true}]}}