{"id":1088,"date":"2025-11-04T16:27:07","date_gmt":"2025-11-04T15:27:07","guid":{"rendered":"https:\/\/www.sophie-paints-your-event.com\/?page_id=1088"},"modified":"2025-11-20T11:46:42","modified_gmt":"2025-11-20T10:46:42","slug":"actualites-du-live-painting","status":"publish","type":"page","link":"https:\/\/www.sophie-paints-your-event.com\/fr\/actualites-du-live-painting\/","title":{"rendered":"Actualit\u00e9s du live wedding painting"},"content":{"rendered":"\t\t<div data-elementor-type=\"wp-page\" data-elementor-id=\"1088\" class=\"elementor elementor-1088\" data-elementor-post-type=\"page\">\n\t\t\t\t<div class=\"elementor-element elementor-element-d80d696 e-flex e-con-boxed e-con e-parent\" data-id=\"d80d696\" data-element_type=\"container\">\n\t\t\t\t\t<div class=\"e-con-inner\">\n\t\t\t\t<div class=\"elementor-element elementor-element-efd8ab1 elementor-widget elementor-widget-heading\" data-id=\"efd8ab1\" data-element_type=\"widget\" data-widget_type=\"heading.default\">\n\t\t\t\t<div class=\"elementor-widget-container\">\n\t\t\t\t\t<h2 class=\"elementor-heading-title elementor-size-default\">Retrouvez ici toute l'actualit\u00e9 du live wedding painting en Provence et tous mes conseils et anecdotes de mariage.<\/h2>\t\t\t\t<\/div>\n\t\t\t\t<\/div>\n\t\t\t\t<div class=\"elementor-element elementor-element-3a8ef92 elementor-grid-3 elementor-grid-tablet-2 elementor-grid-mobile-1 elementor-posts--thumbnail-top elementor-widget elementor-widget-posts\" data-id=\"3a8ef92\" data-element_type=\"widget\" data-settings=\"{&quot;classic_columns&quot;:&quot;3&quot;,&quot;classic_columns_tablet&quot;:&quot;2&quot;,&quot;classic_columns_mobile&quot;:&quot;1&quot;,&quot;classic_row_gap&quot;:{&quot;unit&quot;:&quot;px&quot;,&quot;size&quot;:35,&quot;sizes&quot;:[]},&quot;classic_row_gap_tablet&quot;:{&quot;unit&quot;:&quot;px&quot;,&quot;size&quot;:&quot;&quot;,&quot;sizes&quot;:[]},&quot;classic_row_gap_mobile&quot;:{&quot;unit&quot;:&quot;px&quot;,&quot;size&quot;:&quot;&quot;,&quot;sizes&quot;:[]}}\" data-widget_type=\"posts.classic\">\n\t\t\t\t<div class=\"elementor-widget-container\">\n\t\t\t\t\t\t\t<div class=\"elementor-posts-container elementor-posts elementor-posts--skin-classic elementor-grid\">\n\t\t\t\t<article class=\"elementor-post elementor-grid-item post-1424 post type-post status-publish format-standard has-post-thumbnail hentry category-ambiance\">\n\t\t\t\t<a class=\"elementor-post__thumbnail__link\" href=\"https:\/\/www.sophie-paints-your-event.com\/fr\/2025\/11\/13\/une-demande-pas-comme-les-autres\/\" tabindex=\"-1\" >\n\t\t\t<div class=\"elementor-post__thumbnail\"><img fetchpriority=\"high\" decoding=\"async\" width=\"1148\" height=\"2040\" src=\"https:\/\/www.sophie-paints-your-event.com\/wp-content\/uploads\/2025\/11\/sophie-peinture.jpg\" class=\"attachment-full size-full wp-image-1501\" alt=\"\" srcset=\"https:\/\/www.sophie-paints-your-event.com\/wp-content\/uploads\/2025\/11\/sophie-peinture.jpg 1148w, https:\/\/www.sophie-paints-your-event.com\/wp-content\/uploads\/2025\/11\/sophie-peinture-169x300.jpg 169w, https:\/\/www.sophie-paints-your-event.com\/wp-content\/uploads\/2025\/11\/sophie-peinture-576x1024.jpg 576w, https:\/\/www.sophie-paints-your-event.com\/wp-content\/uploads\/2025\/11\/sophie-peinture-768x1365.jpg 768w, https:\/\/www.sophie-paints-your-event.com\/wp-content\/uploads\/2025\/11\/sophie-peinture-864x1536.jpg 864w\" sizes=\"(max-width: 1148px) 100vw, 1148px\" \/><\/div>\n\t\t<\/a>\n\t\t\t\t<div class=\"elementor-post__text\">\n\t\t\t\t<h2 class=\"elementor-post__title\">\n\t\t\t<a href=\"https:\/\/www.sophie-paints-your-event.com\/fr\/2025\/11\/13\/une-demande-pas-comme-les-autres\/\" >\n\t\t\t\tUne demande pas comme les autres\t\t\t<\/a>\n\t\t<\/h2>\n\t\t\t\t<div class=\"elementor-post__excerpt\">\n\t\t\t<p>(r\u00e9cit d\u2019une commande en atelier)<\/p>\t\t<\/div>\n\t\t\t\t\t<div class=\"elementor-post__read-more-wrapper\">\n\t\t\n\t\t<a class=\"elementor-post__read-more\" href=\"https:\/\/www.sophie-paints-your-event.com\/fr\/2025\/11\/13\/une-demande-pas-comme-les-autres\/\" aria-label=\"Read more about Une demande pas comme les autres\" tabindex=\"-1\" >\n\t\t\tLire la suite \u00bb\t\t<\/a>\n\n\t\t\t\t\t<\/div>\n\t\t\t\t<\/div>\n\t\t\t\t<\/article>\n\t\t\t\t<article class=\"elementor-post elementor-grid-item post-1342 post type-post status-publish format-standard has-post-thumbnail hentry category-ambiance\">\n\t\t\t\t<a class=\"elementor-post__thumbnail__link\" href=\"https:\/\/www.sophie-paints-your-event.com\/fr\/2025\/11\/12\/comment-se-deroule-un-live-wedding-painting\/\" tabindex=\"-1\" >\n\t\t\t<div class=\"elementor-post__thumbnail\"><img decoding=\"async\" width=\"1920\" height=\"1080\" src=\"https:\/\/www.sophie-paints-your-event.com\/wp-content\/uploads\/2025\/03\/IMG_1036.jpg\" class=\"attachment-full size-full wp-image-884\" alt=\"\" srcset=\"https:\/\/www.sophie-paints-your-event.com\/wp-content\/uploads\/2025\/03\/IMG_1036.jpg 1920w, https:\/\/www.sophie-paints-your-event.com\/wp-content\/uploads\/2025\/03\/IMG_1036-300x169.jpg 300w, https:\/\/www.sophie-paints-your-event.com\/wp-content\/uploads\/2025\/03\/IMG_1036-1024x576.jpg 1024w, https:\/\/www.sophie-paints-your-event.com\/wp-content\/uploads\/2025\/03\/IMG_1036-768x432.jpg 768w, https:\/\/www.sophie-paints-your-event.com\/wp-content\/uploads\/2025\/03\/IMG_1036-1536x864.jpg 1536w\" sizes=\"(max-width: 1920px) 100vw, 1920px\" \/><\/div>\n\t\t<\/a>\n\t\t\t\t<div class=\"elementor-post__text\">\n\t\t\t\t<h2 class=\"elementor-post__title\">\n\t\t\t<a href=\"https:\/\/www.sophie-paints-your-event.com\/fr\/2025\/11\/12\/comment-se-deroule-un-live-wedding-painting\/\" >\n\t\t\t\tComment se d\u00e9roule un live wedding painting ?\t\t\t<\/a>\n\t\t<\/h2>\n\t\t\t\t<div class=\"elementor-post__excerpt\">\n\t\t\t<p>D\u00e9couvrez comment se d\u00e9roule un live wedding painting : une pr\u00e9paration minutieuse avec vous, une pr\u00e9sence discr\u00e8te le jour J, et une \u0153uvre unique qui devient un souvenir vivant et po\u00e9tique de votre mariage.<\/p>\t\t<\/div>\n\t\t\t\t\t<div class=\"elementor-post__read-more-wrapper\">\n\t\t\n\t\t<a class=\"elementor-post__read-more\" href=\"https:\/\/www.sophie-paints-your-event.com\/fr\/2025\/11\/12\/comment-se-deroule-un-live-wedding-painting\/\" aria-label=\"Read more about Comment se d\u00e9roule un live wedding painting ?\" tabindex=\"-1\" >\n\t\t\tLire la suite \u00bb\t\t<\/a>\n\n\t\t\t\t\t<\/div>\n\t\t\t\t<\/div>\n\t\t\t\t<\/article>\n\t\t\t\t<article class=\"elementor-post elementor-grid-item post-1181 post type-post status-publish format-standard has-post-thumbnail hentry category-ambiance\">\n\t\t\t\t<a class=\"elementor-post__thumbnail__link\" href=\"https:\/\/www.sophie-paints-your-event.com\/fr\/2025\/11\/05\/le-pastel-ou-lhuile-comment-choisir-la-technique-qui-convient-le-mieux-au-live-wedding-painting\/\" tabindex=\"-1\" >\n\t\t\t<div class=\"elementor-post__thumbnail\"><img decoding=\"async\" width=\"1441\" height=\"1515\" src=\"https:\/\/www.sophie-paints-your-event.com\/wp-content\/uploads\/2025\/11\/SAVE_20251119_183459-scaled-e1763634204225.jpg\" class=\"attachment-full size-full wp-image-1521\" alt=\"\" srcset=\"https:\/\/www.sophie-paints-your-event.com\/wp-content\/uploads\/2025\/11\/SAVE_20251119_183459-scaled-e1763634204225.jpg 1441w, https:\/\/www.sophie-paints-your-event.com\/wp-content\/uploads\/2025\/11\/SAVE_20251119_183459-scaled-e1763634204225-285x300.jpg 285w, https:\/\/www.sophie-paints-your-event.com\/wp-content\/uploads\/2025\/11\/SAVE_20251119_183459-scaled-e1763634204225-974x1024.jpg 974w, https:\/\/www.sophie-paints-your-event.com\/wp-content\/uploads\/2025\/11\/SAVE_20251119_183459-scaled-e1763634204225-768x807.jpg 768w\" sizes=\"(max-width: 1441px) 100vw, 1441px\" \/><\/div>\n\t\t<\/a>\n\t\t\t\t<div class=\"elementor-post__text\">\n\t\t\t\t<h2 class=\"elementor-post__title\">\n\t\t\t<a href=\"https:\/\/www.sophie-paints-your-event.com\/fr\/2025\/11\/05\/le-pastel-ou-lhuile-comment-choisir-la-technique-qui-convient-le-mieux-au-live-wedding-painting\/\" >\n\t\t\t\tLe pastel ou l\u2019huile : comment choisir la technique qui convient le mieux\u00a0au live wedding painting\u202f?\t\t\t<\/a>\n\t\t<\/h2>\n\t\t\t\t<div class=\"elementor-post__excerpt\">\n\t\t\t<p>Pendant une visio, une future mari\u00e9e m\u2019a dit : \u201cJe crois que j\u2019adore le pastel\u2026 mais je ne sais m\u00eame pas pourquoi !\u201d<br \/> On a ri, puis on a parl\u00e9 lumi\u00e8re, ambiance, style. Et petit \u00e0 petit, tout a pris sens. C\u2019est exactement pour \u00e7a que j\u2019aime vous guider : pour transformer votre intuition en un choix clair et serein.<\/p>\t\t<\/div>\n\t\t\t\t\t<div class=\"elementor-post__read-more-wrapper\">\n\t\t\n\t\t<a class=\"elementor-post__read-more\" href=\"https:\/\/www.sophie-paints-your-event.com\/fr\/2025\/11\/05\/le-pastel-ou-lhuile-comment-choisir-la-technique-qui-convient-le-mieux-au-live-wedding-painting\/\" aria-label=\"Read more about Le pastel ou l\u2019huile : comment choisir la technique qui convient le mieux\u00a0au live wedding painting\u202f?\" tabindex=\"-1\" >\n\t\t\tLire la suite \u00bb\t\t<\/a>\n\n\t\t\t\t\t<\/div>\n\t\t\t\t<\/div>\n\t\t\t\t<\/article>\n\t\t\t\t<article class=\"elementor-post elementor-grid-item post-1070 post type-post status-publish format-standard has-post-thumbnail hentry category-ambiance\">\n\t\t\t\t<a class=\"elementor-post__thumbnail__link\" href=\"https:\/\/www.sophie-paints-your-event.com\/fr\/2025\/11\/04\/un-mariage-en-provence-un-decor-de-reve-tout-simplement\/\" tabindex=\"-1\" >\n\t\t\t<div class=\"elementor-post__thumbnail\"><img loading=\"lazy\" decoding=\"async\" width=\"2560\" height=\"1682\" src=\"https:\/\/www.sophie-paints-your-event.com\/wp-content\/uploads\/2025\/01\/shutterstock_219200572-scaled.jpg\" class=\"attachment-full size-full wp-image-838\" alt=\"\" srcset=\"https:\/\/www.sophie-paints-your-event.com\/wp-content\/uploads\/2025\/01\/shutterstock_219200572-scaled.jpg 2560w, https:\/\/www.sophie-paints-your-event.com\/wp-content\/uploads\/2025\/01\/shutterstock_219200572-300x197.jpg 300w, https:\/\/www.sophie-paints-your-event.com\/wp-content\/uploads\/2025\/01\/shutterstock_219200572-1024x673.jpg 1024w, https:\/\/www.sophie-paints-your-event.com\/wp-content\/uploads\/2025\/01\/shutterstock_219200572-768x505.jpg 768w, https:\/\/www.sophie-paints-your-event.com\/wp-content\/uploads\/2025\/01\/shutterstock_219200572-1536x1009.jpg 1536w, https:\/\/www.sophie-paints-your-event.com\/wp-content\/uploads\/2025\/01\/shutterstock_219200572-2048x1346.jpg 2048w\" sizes=\"(max-width: 2560px) 100vw, 2560px\" \/><\/div>\n\t\t<\/a>\n\t\t\t\t<div class=\"elementor-post__text\">\n\t\t\t\t<h2 class=\"elementor-post__title\">\n\t\t\t<a href=\"https:\/\/www.sophie-paints-your-event.com\/fr\/2025\/11\/04\/un-mariage-en-provence-un-decor-de-reve-tout-simplement\/\" >\n\t\t\t\tUn mariage en Provence : un d\u00e9cor de r\u00eave, tout simplement.\t\t\t<\/a>\n\t\t<\/h2>\n\t\t\t\t<div class=\"elementor-post__excerpt\">\n\t\t\t<p>Ce que j\u2019aime en Provence, c\u2019est que tout le monde s\u2019y sent bien tout de suite.<br \/> Il n\u2019y a rien \u00e0 comprendre, rien \u00e0 d\u00e9coder : la r\u00e9gion vous accueille instantan\u00e9ment, et on s\u2019y attache en quelques secondes.<\/p>\t\t<\/div>\n\t\t\t\t\t<div class=\"elementor-post__read-more-wrapper\">\n\t\t\n\t\t<a class=\"elementor-post__read-more\" href=\"https:\/\/www.sophie-paints-your-event.com\/fr\/2025\/11\/04\/un-mariage-en-provence-un-decor-de-reve-tout-simplement\/\" aria-label=\"Read more about Un mariage en Provence : un d\u00e9cor de r\u00eave, tout simplement.\" tabindex=\"-1\" >\n\t\t\tLire la suite \u00bb\t\t<\/a>\n\n\t\t\t\t\t<\/div>\n\t\t\t\t<\/div>\n\t\t\t\t<\/article>\n\t\t\t\t<\/div>\n\t\t\n\t\t\t\t\t\t<\/div>\n\t\t\t\t<\/div>\n\t\t\t\t\t<\/div>\n\t\t\t\t<\/div>\n\t\t\t\t<\/div>\n\t\t","protected":false},"excerpt":{"rendered":"<p>Retrouvez ici toute l&rsquo;actualit\u00e9 du live wedding painting en Provence et tous mes conseils et anecdotes de mariage.<\/p>\n","protected":false},"author":2,"featured_media":0,"parent":0,"menu_order":0,"comment_status":"open","ping_status":"closed","template":"","meta":{"footnotes":""},"class_list":["post-1088","page","type-page","status-publish","hentry"],"aioseo_notices":[],"_links":{"self":[{"href":"https:\/\/www.sophie-paints-your-event.com\/fr\/wp-json\/wp\/v2\/pages\/1088","targetHints":{"allow":["GET"]}}],"collection":[{"href":"https:\/\/www.sophie-paints-your-event.com\/fr\/wp-json\/wp\/v2\/pages"}],"about":[{"href":"https:\/\/www.sophie-paints-your-event.com\/fr\/wp-json\/wp\/v2\/types\/page"}],"author":[{"embeddable":true,"href":"https:\/\/www.sophie-paints-your-event.com\/fr\/wp-json\/wp\/v2\/users\/2"}],"replies":[{"embeddable":true,"href":"https:\/\/www.sophie-paints-your-event.com\/fr\/wp-json\/wp\/v2\/comments?post=1088"}],"version-history":[{"count":28,"href":"https:\/\/www.sophie-paints-your-event.com\/fr\/wp-json\/wp\/v2\/pages\/1088\/revisions"}],"predecessor-version":[{"id":1561,"href":"https:\/\/www.sophie-paints-your-event.com\/fr\/wp-json\/wp\/v2\/pages\/1088\/revisions\/1561"}],"wp:attachment":[{"href":"https:\/\/www.sophie-paints-your-event.com\/fr\/wp-json\/wp\/v2\/media?parent=1088"}],"curies":[{"name":"wp","href":"https:\/\/api.w.org\/{rel}","templated":true}]}}